{"id":13557,"date":"2021-10-18T09:36:52","date_gmt":"2021-10-18T07:36:52","guid":{"rendered":"https:\/\/www.edgarbaker.com\/%d0%bc%d0%be%d0%b6%d0%bb%d0%b8%d0%b2%d0%be%d1%81%d1%82%d1%96-%d0%bf%d1%80%d0%b0%d1%86%d0%b5%d0%b2%d0%bb%d0%b0%d1%88%d1%82%d1%83%d0%b2%d0%b0%d0%bd%d0%bd%d1%8f\/"},"modified":"2024-08-11T23:14:32","modified_gmt":"2024-08-11T21:14:32","slug":"%d0%bc%d0%be%d0%b6%d0%bb%d0%b8%d0%b2%d0%be%d1%81%d1%82%d1%96-%d0%bf%d1%80%d0%b0%d1%86%d0%b5%d0%b2%d0%bb%d0%b0%d1%88%d1%82%d1%83%d0%b2%d0%b0%d0%bd%d0%bd%d1%8f","status":"publish","type":"page","link":"https:\/\/www.edgarbaker.com\/uk\/%d0%bc%d0%be%d0%b6%d0%bb%d0%b8%d0%b2%d0%be%d1%81%d1%82%d1%96-%d0%bf%d1%80%d0%b0%d1%86%d0%b5%d0%b2%d0%bb%d0%b0%d1%88%d1%82%d1%83%d0%b2%d0%b0%d0%bd%d0%bd%d1%8f\/","title":{"rendered":"\u041c\u043e\u0436\u043b\u0438\u0432\u043e\u0441\u0442\u0456 \u043f\u0440\u0430\u0446\u0435\u0432\u043b\u0430\u0448\u0442\u0443\u0432\u0430\u043d\u043d\u044f"},"content":{"rendered":"\t\t<div data-elementor-type=\"wp-page\" data-elementor-id=\"13557\" class=\"elementor elementor-13557 elementor-5099\" data-elementor-post-type=\"page\">\n\t\t\t\t\t\t<section class=\"elementor-section elementor-top-section elementor-element elementor-element-bcb79bb elementor-section-full_width elementor-section-height-default elementor-section-height-default qodef-elementor-content-no\" data-id=\"bcb79bb\" data-element_type=\"section\" data-settings=\"{&quot;jet_parallax_layout_list&quot;:[]}\">\n\t\t\t\t\t\t<div class=\"elementor-container elementor-column-gap-default\">\n\t\t\t\t\t<div class=\"elementor-column elementor-col-100 elementor-top-column elementor-element elementor-element-2099504\" data-id=\"2099504\" data-element_type=\"column\">\n\t\t\t<div class=\"elementor-widget-wrap elementor-element-populated\">\n\t\t\t\t\t\t<div class=\"elementor-element elementor-element-137c0f1 elementor-widget__width-initial elementor-widget elementor-widget-halstein_core_section_title\" data-id=\"137c0f1\" data-element_type=\"widget\" data-widget_type=\"halstein_core_section_title.default\">\n\t\t\t\t<div class=\"elementor-widget-container\">\n\t\t\t<div class=\"qodef-shortcode qodef-m  qodef-section-title qodef-alignment--left  \">\n\t\t<h6 class=\"qodef-m-tagline\" >\n\t\t\u0428\u0443\u043a\u0430\u0454\u0442\u0435 \u043d\u043e\u0432\u0456 \u043a\u0430\u0440&#039;\u0454\u0440\u043d\u0456 \u043c\u043e\u0436\u043b\u0438\u0432\u043e\u0441\u0442\u0456?\t<\/h6>\n\t\t<h2 class=\"qodef-m-title\" >\n\t\t\t\t\t\u0423 \u043d\u0430\u0441 \u0432\u0438 \u0437\u043d\u0430\u0439\u0434\u0435\u0442\u0435 \u0448\u0438\u0440\u043e\u043a\u0438\u0439 \u0432\u0438\u0431\u0456\u0440 \u0432\u0430\u043a\u0430\u043d\u0442\u043d\u0438\u0445 \u043f\u043e\u0441\u0430\u0434 \u0443 \u0440\u0456\u0437\u043d\u0438\u0445 \u0433\u0430\u043b\u0443\u0437\u044f\u0445.\t\t\t<\/h2>\n\t\t\t<p class=\"qodef-m-text-field\" >\n\t\t\u041d\u0430\u0448\u0435 \u043a\u0430\u0434\u0440\u043e\u0432\u0435 \u0430\u0433\u0435\u043d\u0442\u0441\u0442\u0432\u043e \u0434\u043e\u043f\u043e\u043c\u043e\u0436\u0435 \u0432\u0430\u043c \u0440\u043e\u0437\u043f\u043e\u0447\u0430\u0442\u0438 \u043a\u0430\u0440'\u0454\u0440\u0443 \u0442\u0430 \u0437\u043d\u0430\u0439\u0442\u0438 \u0440\u043e\u0431\u043e\u0442\u0443, \u044f\u043a\u0430 \u0432\u0430\u0441 \u0437\u0430\u0434\u043e\u0432\u043e\u043b\u044c\u043d\u0438\u0442\u044c. <br><br>\u041f\u0440\u0438\u0454\u0434\u043d\u0443\u0439\u0442\u0435\u0441\u044c \u0434\u043e \u0442\u0438\u0441\u044f\u0447 \u0443\u0441\u043f\u0456\u0448\u043d\u0438\u0445 \u043a\u0430\u043d\u0434\u0438\u0434\u0430\u0442\u0456\u0432, \u044f\u043a\u0456 \u0432\u0436\u0435 \u0437\u043d\u0430\u0439\u0448\u043b\u0438 \u0441\u0432\u043e\u0454 \u043c\u0456\u0441\u0446\u0435 \u043d\u0430 \u0440\u0438\u043d\u043a\u0443 \u043f\u0440\u0430\u0446\u0456. \u041f\u043e\u0447\u0430\u0442\u0438\n\u0412\u0430\u0448 \u0448\u043b\u044f\u0445 \u0434\u043e \u0443\u0441\u043f\u0456\u0445\u0443 \u0437 \u0415\u0434\u0433\u0430\u0440\u043e\u043c \u0411\u0435\u0439\u043a\u0435\u0440\u043e\u043c \u0441\u044c\u043e\u0433\u043e\u0434\u043d\u0456!\t<\/p>\n\t<\/div>\n\t\t<\/div>\n\t\t\t\t<\/div>\n\t\t\t\t\t<\/div>\n\t\t<\/div>\n\t\t\t\t\t<\/div>\n\t\t<\/section>\n\t\t<div class=\"elementor-element elementor-element-d6830ed elementor-hidden-desktop elementor-hidden-tablet elementor-hidden-mobile e-flex e-con-boxed e-con e-parent\" data-id=\"d6830ed\" data-element_type=\"container\" data-settings=\"{&quot;jet_parallax_layout_list&quot;:[]}\">\n\t\t\t\t\t<div class=\"e-con-inner\">\n\t\t\t\t<div class=\"elementor-element elementor-element-67e8044 elementor-widget elementor-widget-text-editor\" data-id=\"67e8044\" data-element_type=\"widget\" data-widget_type=\"text-editor.default\">\n\t\t\t\t<div class=\"elementor-widget-container\">\n\t\t\t<style>\/*! elementor - v3.23.0 - 15-07-2024 *\/\n.elementor-widget-text-editor.elementor-drop-cap-view-stacked .elementor-drop-cap{background-color:#69727d;color:#fff}.elementor-widget-text-editor.elementor-drop-cap-view-framed .elementor-drop-cap{color:#69727d;border:3px solid;background-color:transparent}.elementor-widget-text-editor:not(.elementor-drop-cap-view-default) .elementor-drop-cap{margin-top:8px}.elementor-widget-text-editor:not(.elementor-drop-cap-view-default) .elementor-drop-cap-letter{width:1em;height:1em}.elementor-widget-text-editor .elementor-drop-cap{float:left;text-align:center;line-height:1;font-size:50px}.elementor-widget-text-editor .elementor-drop-cap-letter{display:inline-block}<\/style>\t\t\t\t<p>#HR #recruitment #job #praca #humanresources #humanresourcesservices #HRconsulting<br \/>#career #executivesearch #expertrecruitment #projectrecruitment #temporarystaffing<br \/>#outsourcing #internationalrecruitment #volnepozicie #personalnaagentura #trhprace<\/p>\n\t\t\t\t\t\t<\/div>\n\t\t\t\t<\/div>\n\t\t\t\t\t<\/div>\n\t\t\t\t<\/div>\n\t\t<div class=\"elementor-element elementor-element-ed1e7c4 e-flex e-con-boxed e-con e-parent\" data-id=\"ed1e7c4\" data-element_type=\"container\" data-settings=\"{&quot;jet_parallax_layout_list&quot;:[]}\">\n\t\t\t\t\t<div class=\"e-con-inner\">\n\t\t\t\t<div class=\"elementor-element elementor-element-1ef2bbe elementor-widget elementor-widget-jet-posts\" data-id=\"1ef2bbe\" data-element_type=\"widget\" data-settings=\"{&quot;columns&quot;:&quot;1&quot;}\" data-widget_type=\"jet-posts.default\">\n\t\t\t\t<div class=\"elementor-widget-container\">\n\t\t\t<div class=\"elementor-jet-posts jet-elements\"><div class=\"jet-posts col-row \"><div class=\"jet-posts__item\">\n\t<div class=\"jet-posts__inner-box\"><div class=\"jet-posts__inner-content\"><h4 class=\"entry-title\"><a href=\"https:\/\/www.edgarbaker.com\/uk\/pracovne-ponuky-edgar-baker\/senior-pega-sales-automation-specialist\/\" target=\"\">Senior Pega Sales Automation specialist<\/a><\/h4><div class=\"entry-excerpt\">Currently, we\u2019re working on Pega Sales Automation application for different users. We are looking for an experienced Lead Pega specialist&hellip;<\/div><div class=\"jet-more-wrap\"><a href=\"https:\/\/www.edgarbaker.com\/uk\/pracovne-ponuky-edgar-baker\/senior-pega-sales-automation-specialist\/\" class=\"btn btn-primary elementor-button elementor-size-md jet-more\" target=\"\"><span class=\"btn__text\">Viac info<\/span><\/a><\/div><\/div><\/div>\n<\/div>\n<div class=\"jet-posts__item\">\n\t<div class=\"jet-posts__inner-box\"><div class=\"jet-posts__inner-content\"><h4 class=\"entry-title\"><a href=\"https:\/\/www.edgarbaker.com\/uk\/pracovne-ponuky-edgar-baker\/site-core-developer\/\" target=\"\">Site Core Developer<\/a><\/h4><div class=\"entry-excerpt\">We are looking for a Site Core Developer with a passion to ensure innovation and further development of the website.<\/div><div class=\"jet-more-wrap\"><a href=\"https:\/\/www.edgarbaker.com\/uk\/pracovne-ponuky-edgar-baker\/site-core-developer\/\" class=\"btn btn-primary elementor-button elementor-size-md jet-more\" target=\"\"><span class=\"btn__text\">Viac info<\/span><\/a><\/div><\/div><\/div>\n<\/div>\n<div class=\"jet-posts__item\">\n\t<div class=\"jet-posts__inner-box\"><div class=\"jet-posts__inner-content\"><h4 class=\"entry-title\"><a href=\"https:\/\/www.edgarbaker.com\/uk\/pracovne-ponuky-edgar-baker\/pega-test-specialist\/\" target=\"\">Pega Test specialist<\/a><\/h4><div class=\"entry-excerpt\">Currently we\u2019re working on Pega Sales Automation application for different users. We are looking for experienced Pega specialist to add&hellip;<\/div><div class=\"jet-more-wrap\"><a href=\"https:\/\/www.edgarbaker.com\/uk\/pracovne-ponuky-edgar-baker\/pega-test-specialist\/\" class=\"btn btn-primary elementor-button elementor-size-md jet-more\" target=\"\"><span class=\"btn__text\">Viac info<\/span><\/a><\/div><\/div><\/div>\n<\/div>\n<div class=\"jet-posts__item\">\n\t<div class=\"jet-posts__inner-box\"><div class=\"jet-posts__inner-content\"><h4 class=\"entry-title\"><a href=\"https:\/\/www.edgarbaker.com\/uk\/pracovne-ponuky-edgar-baker\/financny-administrator\/\" target=\"\">Finan\u010dn\u00fd Administr\u00e1tor<\/a><\/h4><div class=\"entry-excerpt\">Zodpovednos\u0165 za extern\u00fdch zamestnancov, nastavenie v\u0161etk\u00fdch potrebn\u00fdch vstupov a pr\u00edstupov.<\/div><div class=\"jet-more-wrap\"><a href=\"https:\/\/www.edgarbaker.com\/uk\/pracovne-ponuky-edgar-baker\/financny-administrator\/\" class=\"btn btn-primary elementor-button elementor-size-md jet-more\" target=\"\"><span class=\"btn__text\">Viac info<\/span><\/a><\/div><\/div><\/div>\n<\/div>\n<div class=\"jet-posts__item\">\n\t<div class=\"jet-posts__inner-box\"><div class=\"jet-posts__inner-content\"><h4 class=\"entry-title\"><a href=\"https:\/\/www.edgarbaker.com\/uk\/pracovne-ponuky-edgar-baker\/specialista-na-uctovanie-dlhodobeho-majetku\/\" target=\"\">\u0160pecialista na \u00fa\u010dtovanie dlhodob\u00e9ho majetku<\/a><\/h4><div class=\"entry-excerpt\">Budete akt\u00edvne podporova\u0165 dosahovanie strategick\u00fdch a opera\u010dn\u00fdch cie\u013eov s rozv\u00edjan\u00edm udr\u017eate\u013enej kult\u00fary pomocou neust\u00e1leho zlep\u0161ovania procesov.<\/div><div class=\"jet-more-wrap\"><a href=\"https:\/\/www.edgarbaker.com\/uk\/pracovne-ponuky-edgar-baker\/specialista-na-uctovanie-dlhodobeho-majetku\/\" class=\"btn btn-primary elementor-button elementor-size-md jet-more\" target=\"\"><span class=\"btn__text\">Viac info<\/span><\/a><\/div><\/div><\/div>\n<\/div>\n<div class=\"jet-posts__item\">\n\t<div class=\"jet-posts__inner-box\"><div class=\"jet-posts__inner-content\"><h4 class=\"entry-title\"><a href=\"https:\/\/www.edgarbaker.com\/uk\/pracovne-ponuky-edgar-baker\/interny-konzultant-senior\/\" target=\"\">Intern\u00fd konzultant Senior<\/a><\/h4><div class=\"entry-excerpt\">\u2022 Budete akt\u00edvne podporova\u0165 dosahovanie strategick\u00fdch a opera\u010dn\u00fdch cie\u013eov, rozv\u00edjan\u00edm udr\u017eate\u013enej kult\u00fary&#13; \u2022 Va\u0161ou \u00falohou bude prev\u00e1dzkova\u0165 a rozv\u00edja\u0165 VPS&hellip;<\/div><div class=\"jet-more-wrap\"><a href=\"https:\/\/www.edgarbaker.com\/uk\/pracovne-ponuky-edgar-baker\/interny-konzultant-senior\/\" class=\"btn btn-primary elementor-button elementor-size-md jet-more\" target=\"\"><span class=\"btn__text\">Viac info<\/span><\/a><\/div><\/div><\/div>\n<\/div>\n<div class=\"jet-posts__item\">\n\t<div class=\"jet-posts__inner-box\"><div class=\"jet-posts__inner-content\"><h4 class=\"entry-title\"><a href=\"https:\/\/www.edgarbaker.com\/uk\/pracovne-ponuky-edgar-baker\/projektant-projektovy-technik\/\" target=\"\">Projektant\/Projektov\u00fd technik<\/a><\/h4><div class=\"entry-excerpt\">Pre n\u00e1\u0161ho klienta pon\u00fakaj\u00faceho rie\u0161enia skladovanie tovaru h\u013ead\u00e1me sk\u00fasen\u00e9ho projektov\u00e9ho technika, ktor\u00fd bude zastre\u0161ova\u0165 projekty od komunik\u00e1cie s obchod\u00fdm t\u00edmom,&hellip;<\/div><div class=\"jet-more-wrap\"><a href=\"https:\/\/www.edgarbaker.com\/uk\/pracovne-ponuky-edgar-baker\/projektant-projektovy-technik\/\" class=\"btn btn-primary elementor-button elementor-size-md jet-more\" target=\"\"><span class=\"btn__text\">Viac info<\/span><\/a><\/div><\/div><\/div>\n<\/div>\n<div class=\"jet-posts__item\">\n\t<div class=\"jet-posts__inner-box\"><div class=\"jet-posts__inner-content\"><h4 class=\"entry-title\"><a href=\"https:\/\/www.edgarbaker.com\/uk\/pracovne-ponuky-edgar-baker\/procesny-manazer-pre-bezpecnost-v-elektrotechnike\/\" target=\"\">Procesn\u00fd mana\u017e\u00e9r pre bezpe\u010dnos\u0165 v elektrotechnike<\/a><\/h4><div class=\"entry-excerpt\">Pre medzin\u00e1rodn\u00fa spolo\u010dnos\u0165, ktor\u00e1 p\u00f4sob\u00ed v oblasti v\u00fdvoja elektrotechnick\u00e9ho priemyslu h\u013ead\u00e1me sk\u00fasen\u00e9ho Design\/Application Engineera, ktor\u00fd m\u00e1 sk\u00fasenosti s n\u00e1vrhmi integrovan\u00fdch&hellip;<\/div><div class=\"jet-more-wrap\"><a href=\"https:\/\/www.edgarbaker.com\/uk\/pracovne-ponuky-edgar-baker\/procesny-manazer-pre-bezpecnost-v-elektrotechnike\/\" class=\"btn btn-primary elementor-button elementor-size-md jet-more\" target=\"\"><span class=\"btn__text\">Viac info<\/span><\/a><\/div><\/div><\/div>\n<\/div>\n<div class=\"jet-posts__item\">\n\t<div class=\"jet-posts__inner-box\"><div class=\"jet-posts__inner-content\"><h4 class=\"entry-title\"><a href=\"https:\/\/www.edgarbaker.com\/uk\/pracovne-ponuky-edgar-baker\/senior-business-development-manager-pre-it-sferu\/\" target=\"\">Senior Business Development Manager pre IT sf\u00e9ru<\/a><\/h4><div class=\"entry-excerpt\">H\u013ead\u00e1me Business Development mana\u017e\u00e9ra, ktor\u00fd pozn\u00e1 IT trh a oblas\u0165 security mu nie je cudzia. Ak m\u00e1te preuk\u00e1zate\u013en\u00e9 obchodn\u00e9 zru\u010dnosti&hellip;<\/div><div class=\"jet-more-wrap\"><a href=\"https:\/\/www.edgarbaker.com\/uk\/pracovne-ponuky-edgar-baker\/senior-business-development-manager-pre-it-sferu\/\" class=\"btn btn-primary elementor-button elementor-size-md jet-more\" target=\"\"><span class=\"btn__text\">Viac info<\/span><\/a><\/div><\/div><\/div>\n<\/div>\n<div class=\"jet-posts__item\">\n\t<div class=\"jet-posts__inner-box\"><div class=\"jet-posts__inner-content\"><h4 class=\"entry-title\"><a href=\"https:\/\/www.edgarbaker.com\/uk\/pracovne-ponuky-edgar-baker\/delivery-manager-senior-headhunter\/\" target=\"\">Delivery Manager - Senior Headhunter<\/a><\/h4><div class=\"entry-excerpt\">Pozice je vhodn\u00e1 pro Senior Headhuntera s ambicemi v\u00e9st a roz\u0161i\u0159ovat na\u0161 pobo\u010dku a aktivity v \u010cesk\u00e9 republice.<\/div><div class=\"jet-more-wrap\"><a href=\"https:\/\/www.edgarbaker.com\/uk\/pracovne-ponuky-edgar-baker\/delivery-manager-senior-headhunter\/\" class=\"btn btn-primary elementor-button elementor-size-md jet-more\" target=\"\"><span class=\"btn__text\">Viac info<\/span><\/a><\/div><\/div><\/div>\n<\/div>\n<div class=\"jet-posts__item\">\n\t<div class=\"jet-posts__inner-box\"><div class=\"jet-posts__inner-content\"><h4 class=\"entry-title\"><a href=\"https:\/\/www.edgarbaker.com\/uk\/pracovne-ponuky-edgar-baker\/junior-leasing-manager\/\" target=\"\">Junior Leasing Manager<\/a><\/h4><div class=\"entry-excerpt\">Zauj\u00edma \u0164a sales a nehnute\u013enosti?&#13; &#13; H\u013ead\u00e1me \u010dloveka, ktor\u00fd ma r\u00e1d v\u00fdzvy,&#13; niekoho kto vie komunikova\u0165 s maloobchodnou klientelou, niekoho&hellip;<\/div><div class=\"jet-more-wrap\"><a href=\"https:\/\/www.edgarbaker.com\/uk\/pracovne-ponuky-edgar-baker\/junior-leasing-manager\/\" class=\"btn btn-primary elementor-button elementor-size-md jet-more\" target=\"\"><span class=\"btn__text\">Viac info<\/span><\/a><\/div><\/div><\/div>\n<\/div>\n<div class=\"jet-posts__item\">\n\t<div class=\"jet-posts__inner-box\"><div class=\"jet-posts__inner-content\"><h4 class=\"entry-title\"><a href=\"https:\/\/www.edgarbaker.com\/uk\/pracovne-ponuky-edgar-baker\/hlavny-inzinier-projektu\/\" target=\"\">Hlavn\u00fd In\u017einier projektu<\/a><\/h4><div class=\"entry-excerpt\">Chcel by si vytv\u00e1ra\u0165 tak\u00fd priestor, aby \u013eudia \u017eili kraj\u0161ie, lep\u0161ie a boli \u0161\u0165astnej\u0161\u00ed, slobodnej\u0161\u00ed? Ak m\u00e1\u0161 v sebe ten&hellip;<\/div><div class=\"jet-more-wrap\"><a href=\"https:\/\/www.edgarbaker.com\/uk\/pracovne-ponuky-edgar-baker\/hlavny-inzinier-projektu\/\" class=\"btn btn-primary elementor-button elementor-size-md jet-more\" target=\"\"><span class=\"btn__text\">Viac info<\/span><\/a><\/div><\/div><\/div>\n<\/div>\n<div class=\"jet-posts__item\">\n\t<div class=\"jet-posts__inner-box\"><div class=\"jet-posts__inner-content\"><h4 class=\"entry-title\"><a href=\"https:\/\/www.edgarbaker.com\/uk\/pracovne-ponuky-edgar-baker\/hr-recruiter\/\" target=\"\">HR Recruiter<\/a><\/h4><div class=\"entry-excerpt\">Pre n\u00e1\u0161ho klienta h\u013ead\u00e1me \u0161ikovn\u00e9ho HR recruitera, ktor\u00e9ho pr\u00e1ca nebude spo\u010d\u00edva\u0165 len v HR procesoch (n\u00e1bor, v\u00fdber, odme\u0148ovanie, onboarding,...), ale&hellip;<\/div><div class=\"jet-more-wrap\"><a href=\"https:\/\/www.edgarbaker.com\/uk\/pracovne-ponuky-edgar-baker\/hr-recruiter\/\" class=\"btn btn-primary elementor-button elementor-size-md jet-more\" target=\"\"><span class=\"btn__text\">Viac info<\/span><\/a><\/div><\/div><\/div>\n<\/div>\n<div class=\"jet-posts__item\">\n\t<div class=\"jet-posts__inner-box\"><div class=\"jet-posts__inner-content\"><h4 class=\"entry-title\"><a href=\"https:\/\/www.edgarbaker.com\/uk\/pracovne-ponuky-edgar-baker\/it-tester\/\" target=\"\">IT Tester<\/a><\/h4><div class=\"entry-excerpt\">Nebav\u00ed \u0165a cestova\u0165 ka\u017ed\u00e9 r\u00e1no do pr\u00e1ce a h\u013ead\u00e1\u0161 pr\u00e1cu, v ktorej by si bol flexibiln\u00fd? Pozn\u00e1\u0161 pojmy UML, SQL,&hellip;<\/div><div class=\"jet-more-wrap\"><a href=\"https:\/\/www.edgarbaker.com\/uk\/pracovne-ponuky-edgar-baker\/it-tester\/\" class=\"btn btn-primary elementor-button elementor-size-md jet-more\" target=\"\"><span class=\"btn__text\">Viac info<\/span><\/a><\/div><\/div><\/div>\n<\/div>\n<div class=\"jet-posts__item\">\n\t<div class=\"jet-posts__inner-box\"><div class=\"jet-posts__inner-content\"><h4 class=\"entry-title\"><a href=\"https:\/\/www.edgarbaker.com\/uk\/pracovne-ponuky-edgar-baker\/key-account-manager\/\" target=\"\">Key Account Manager<\/a><\/h4><div class=\"entry-excerpt\">Ak Ti nie je cudz\u00ed pojem \"TZB\", vyzn\u00e1\u0161 sa v upev\u0148ovac\u00edch prvkoch a m\u00e1\u0161 v\u00fdborn\u00e9 obchodn\u00e9, komunika\u010dn\u00e9 a prezenta\u010dn\u00e9 schopnosti,&hellip;<\/div><div class=\"jet-more-wrap\"><a href=\"https:\/\/www.edgarbaker.com\/uk\/pracovne-ponuky-edgar-baker\/key-account-manager\/\" class=\"btn btn-primary elementor-button elementor-size-md jet-more\" target=\"\"><span class=\"btn__text\">Viac info<\/span><\/a><\/div><\/div><\/div>\n<\/div>\n<div class=\"jet-posts__item\">\n\t<div class=\"jet-posts__inner-box\"><div class=\"jet-posts__inner-content\"><h4 class=\"entry-title\"><a href=\"https:\/\/www.edgarbaker.com\/uk\/pracovne-ponuky-edgar-baker\/scm-analytik-pre-obchodnu-jednotku\/\" target=\"\">SCM analytik pre obchodn\u00fa jednotku<\/a><\/h4><div class=\"entry-excerpt\">Pre nadn\u00e1rodn\u00fa spolo\u010dnos\u0165 h\u013ead\u00e1me do t\u00edmu schopn\u00e9ho a \u0161ikovn\u00e9ho supply chain analytika, ktor\u00e9ho hlavnou \u00falphou by bolo monitorovanie a analyzovanie&hellip;<\/div><div class=\"jet-more-wrap\"><a href=\"https:\/\/www.edgarbaker.com\/uk\/pracovne-ponuky-edgar-baker\/scm-analytik-pre-obchodnu-jednotku\/\" class=\"btn btn-primary elementor-button elementor-size-md jet-more\" target=\"\"><span class=\"btn__text\">Viac info<\/span><\/a><\/div><\/div><\/div>\n<\/div>\n<div class=\"jet-posts__item\">\n\t<div class=\"jet-posts__inner-box\"><div class=\"jet-posts__inner-content\"><h4 class=\"entry-title\"><a href=\"https:\/\/www.edgarbaker.com\/uk\/pracovne-ponuky-edgar-baker\/projektant-stavebnych-komstrukcii\/\" target=\"\">Projektant stavebn\u00fdch kom\u0161trukci\u00ed<\/a><\/h4><div class=\"entry-excerpt\">Si absolvent a chce\u0161 nabra\u0165 relevantn\u00e9 pracovn\u00e9 sk\u00fasenosti? Pr\u00e1ve m\u00e1\u0161 mo\u017enos\u0165 pracova\u0165 v \u00faspe\u0161nej a stabilnej stavebnej spolo\u010dnosti. Sta\u010d\u00ed u\u017e&hellip;<\/div><div class=\"jet-more-wrap\"><a href=\"https:\/\/www.edgarbaker.com\/uk\/pracovne-ponuky-edgar-baker\/projektant-stavebnych-komstrukcii\/\" class=\"btn btn-primary elementor-button elementor-size-md jet-more\" target=\"\"><span class=\"btn__text\">Viac info<\/span><\/a><\/div><\/div><\/div>\n<\/div>\n<div class=\"jet-posts__item\">\n\t<div class=\"jet-posts__inner-box\"><div class=\"jet-posts__inner-content\"><h4 class=\"entry-title\"><a href=\"https:\/\/www.edgarbaker.com\/uk\/pracovne-ponuky-edgar-baker\/bim-manazer\/\" target=\"\">BIM Mana\u017eer<\/a><\/h4><div class=\"entry-excerpt\">H\u013ead\u00e1me mana\u017e\u00e9ra do stabilnej spolo\u010dnosti s sk\u00fasenos\u0165ami v syst\u00e9me Revit.<\/div><div class=\"jet-more-wrap\"><a href=\"https:\/\/www.edgarbaker.com\/uk\/pracovne-ponuky-edgar-baker\/bim-manazer\/\" class=\"btn btn-primary elementor-button elementor-size-md jet-more\" target=\"\"><span class=\"btn__text\">Viac info<\/span><\/a><\/div><\/div><\/div>\n<\/div>\n<\/div>\n<\/div>\t\t<\/div>\n\t\t\t\t<\/div>\n\t\t\t\t\t<\/div>\n\t\t\t\t<\/div>\n\t\t\t\t<\/div>\n\t\t","protected":false},"excerpt":{"rendered":"<p>\u0428\u0443\u043a\u0430\u0454\u0442\u0435 \u043d\u043e\u0432\u0456 \u043a\u0430\u0440&#039;\u0454\u0440\u043d\u0456 \u043c\u043e\u0436\u043b\u0438\u0432\u043e\u0441\u0442\u0456? \u0423 \u043d\u0430\u0441 \u0432\u0438 \u0437\u043d\u0430\u0439\u0434\u0435\u0442\u0435 \u0448\u0438\u0440\u043e\u043a\u0438\u0439 \u0432\u0438\u0431\u0456\u0440 \u0432\u0430\u043a\u0430\u043d\u0442\u043d\u0438\u0445 \u043f\u043e\u0441\u0430\u0434 \u0443 \u0440\u0456\u0437\u043d\u0438\u0445 \u0433\u0430\u043b\u0443\u0437\u044f\u0445. \u041d\u0430\u0448\u0435 \u043a\u0430\u0434\u0440\u043e\u0432\u0435 \u0430\u0433\u0435\u043d\u0442\u0441\u0442\u0432\u043e \u0434\u043e\u043f\u043e\u043c\u043e\u0436\u0435 \u0432\u0430\u043c \u0440\u043e\u0437\u043f\u043e\u0447\u0430\u0442\u0438 \u043a\u0430\u0440&#8217;\u0454\u0440\u0443 \u0442\u0430 \u0437\u043d\u0430\u0439\u0442\u0438 \u0440\u043e\u0431\u043e\u0442\u0443, \u044f\u043a\u0430 \u0432\u0430\u0441 \u0437\u0430\u0434\u043e\u0432\u043e\u043b\u044c\u043d\u0438\u0442\u044c. \u041f\u0440\u0438\u0454\u0434\u043d\u0443\u0439\u0442\u0435\u0441\u044c \u0434\u043e \u0442\u0438\u0441\u044f\u0447 \u0443\u0441\u043f\u0456\u0448\u043d\u0438\u0445 \u043a\u0430\u043d\u0434\u0438\u0434\u0430\u0442\u0456\u0432, \u044f\u043a\u0456 \u0432\u0436\u0435 \u0437\u043d\u0430\u0439\u0448\u043b\u0438 \u0441\u0432\u043e\u0454 \u043c\u0456\u0441\u0446\u0435 \u043d\u0430 \u0440\u0438\u043d\u043a\u0443 \u043f\u0440\u0430\u0446\u0456. \u041f\u043e\u0447\u0430\u0442\u0438 \u0412\u0430\u0448 \u0448\u043b\u044f\u0445 \u0434\u043e \u0443\u0441\u043f\u0456\u0445\u0443 \u0437 \u0415\u0434\u0433\u0430\u0440\u043e\u043c \u0411\u0435\u0439\u043a\u0435\u0440\u043e\u043c \u0441\u044c\u043e\u0433\u043e\u0434\u043d\u0456! #HR #recruitment #job #praca #humanresources [&hellip;]<\/p>\n","protected":false},"author":1,"featured_media":0,"parent":0,"menu_order":0,"comment_status":"closed","ping_status":"closed","template":"","meta":{"om_disable_all_campaigns":false,"footnotes":""},"_links":{"self":[{"href":"https:\/\/www.edgarbaker.com\/uk\/wp-json\/wp\/v2\/pages\/13557"}],"collection":[{"href":"https:\/\/www.edgarbaker.com\/uk\/wp-json\/wp\/v2\/pages"}],"about":[{"href":"https:\/\/www.edgarbaker.com\/uk\/wp-json\/wp\/v2\/types\/page"}],"author":[{"embeddable":true,"href":"https:\/\/www.edgarbaker.com\/uk\/wp-json\/wp\/v2\/users\/1"}],"replies":[{"embeddable":true,"href":"https:\/\/www.edgarbaker.com\/uk\/wp-json\/wp\/v2\/comments?post=13557"}],"version-history":[{"count":3,"href":"https:\/\/www.edgarbaker.com\/uk\/wp-json\/wp\/v2\/pages\/13557\/revisions"}],"predecessor-version":[{"id":14803,"href":"https:\/\/www.edgarbaker.com\/uk\/wp-json\/wp\/v2\/pages\/13557\/revisions\/14803"}],"wp:attachment":[{"href":"https:\/\/www.edgarbaker.com\/uk\/wp-json\/wp\/v2\/media?parent=13557"}],"curies":[{"name":"wp","href":"https:\/\/api.w.org\/{rel}","templated":true}]}}