{"id":13212,"date":"2021-10-08T13:39:58","date_gmt":"2021-10-08T11:39:58","guid":{"rendered":"https:\/\/www.edgarbaker.com\/home\/"},"modified":"2024-09-25T11:26:23","modified_gmt":"2024-09-25T09:26:23","slug":"home","status":"publish","type":"page","link":"https:\/\/www.edgarbaker.com\/uk\/","title":{"rendered":"Home"},"content":{"rendered":"\t\t<div data-elementor-type=\"wp-page\" data-elementor-id=\"13212\" class=\"elementor elementor-13212 elementor-2341\" data-elementor-post-type=\"page\">\n\t\t\t\t<div class=\"elementor-element elementor-element-cb3e7d0 e-flex e-con-boxed e-con e-parent\" data-id=\"cb3e7d0\" data-element_type=\"container\" data-settings=\"{&quot;jet_parallax_layout_list&quot;:[]}\">\n\t\t\t\t\t<div class=\"e-con-inner\">\n\t\t\t\t<div class=\"elementor-element elementor-element-fdb38b4 elementor-widget elementor-widget-image\" data-id=\"fdb38b4\" data-element_type=\"widget\" data-settings=\"{&quot;motion_fx_motion_fx_mouse&quot;:&quot;yes&quot;}\" data-widget_type=\"image.default\">\n\t\t\t\t<div class=\"elementor-widget-container\">\n\t\t\t<style>\/*! elementor - v3.23.0 - 15-07-2024 *\/\n.elementor-widget-image{text-align:center}.elementor-widget-image a{display:inline-block}.elementor-widget-image a img[src$=\".svg\"]{width:48px}.elementor-widget-image img{vertical-align:middle;display:inline-block}<\/style>\t\t\t\t\t\t\t\t\t\t\t<a href=\"http:\/\/edgarbaker.com\">\n\t\t\t\t\t\t\t<img decoding=\"async\" src=\"https:\/\/www.edgarbaker.com\/wp-content\/uploads\/elementor\/thumbs\/edgar-logo-qo8tjn5sjqkc18xpnsbphqor10x17h1wsjl8z429cs.png\" title=\"edgar logo\" alt=\"edgar logo\" loading=\"lazy\" \/>\t\t\t\t\t\t\t\t<\/a>\n\t\t\t\t\t\t\t\t\t\t\t\t\t<\/div>\n\t\t\t\t<\/div>\n\t\t\t\t<div class=\"elementor-element elementor-element-72b0b30 elementor-widget elementor-widget-wpml-language-switcher\" data-id=\"72b0b30\" data-element_type=\"widget\" data-widget_type=\"wpml-language-switcher.default\">\n\t\t\t\t<div class=\"elementor-widget-container\">\n\t\t\t<div class=\"wpml-elementor-ls\">\n<div class=\"wpml-ls-statics-shortcode_actions wpml-ls wpml-ls-legacy-list-horizontal\">\n\t<ul><li class=\"wpml-ls-slot-shortcode_actions wpml-ls-item wpml-ls-item-en wpml-ls-first-item wpml-ls-item-legacy-list-horizontal\">\n\t\t\t\t<a href=\"https:\/\/www.edgarbaker.com\/en\/\" class=\"wpml-ls-link\">\n                                                        <img decoding=\"async\"\n            class=\"wpml-ls-flag\"\n            src=\"https:\/\/www.edgarbaker.com\/wp-content\/plugins\/sitepress-multilingual-cms\/res\/flags\/en.svg\"\n            alt=\"English\"\n            width=18\n            height=12\n    \/><\/a>\n\t\t\t<\/li><li class=\"wpml-ls-slot-shortcode_actions wpml-ls-item wpml-ls-item-sk wpml-ls-item-legacy-list-horizontal\">\n\t\t\t\t<a href=\"https:\/\/www.edgarbaker.com\/\" class=\"wpml-ls-link\">\n                                                        <img decoding=\"async\"\n            class=\"wpml-ls-flag\"\n            src=\"https:\/\/www.edgarbaker.com\/wp-content\/plugins\/sitepress-multilingual-cms\/res\/flags\/sk.svg\"\n            alt=\"Slovak\"\n            width=18\n            height=12\n    \/><\/a>\n\t\t\t<\/li><li class=\"wpml-ls-slot-shortcode_actions wpml-ls-item wpml-ls-item-cs wpml-ls-item-legacy-list-horizontal\">\n\t\t\t\t<a href=\"https:\/\/www.edgarbaker.com\/cs\/\" class=\"wpml-ls-link\">\n                                                        <img decoding=\"async\"\n            class=\"wpml-ls-flag\"\n            src=\"https:\/\/www.edgarbaker.com\/wp-content\/plugins\/sitepress-multilingual-cms\/res\/flags\/cs.svg\"\n            alt=\"Czech\"\n            width=18\n            height=12\n    \/><\/a>\n\t\t\t<\/li><li class=\"wpml-ls-slot-shortcode_actions wpml-ls-item wpml-ls-item-uk wpml-ls-current-language wpml-ls-item-legacy-list-horizontal\">\n\t\t\t\t<a href=\"https:\/\/www.edgarbaker.com\/uk\/\" class=\"wpml-ls-link\">\n                                                        <img decoding=\"async\"\n            class=\"wpml-ls-flag\"\n            src=\"https:\/\/www.edgarbaker.com\/wp-content\/plugins\/sitepress-multilingual-cms\/res\/flags\/uk.svg\"\n            alt=\"\u0423\u043a\u0440\u0430\u0457\u043d\u0441\u044c\u043a\u0430\"\n            width=18\n            height=12\n    \/><\/a>\n\t\t\t<\/li><li class=\"wpml-ls-slot-shortcode_actions wpml-ls-item wpml-ls-item-de wpml-ls-item-legacy-list-horizontal\">\n\t\t\t\t<a href=\"https:\/\/www.edgarbaker.com\/de\/\" class=\"wpml-ls-link\">\n                                                        <img decoding=\"async\"\n            class=\"wpml-ls-flag\"\n            src=\"https:\/\/www.edgarbaker.com\/wp-content\/plugins\/sitepress-multilingual-cms\/res\/flags\/de.svg\"\n            alt=\"German\"\n            width=18\n            height=12\n    \/><\/a>\n\t\t\t<\/li><li class=\"wpml-ls-slot-shortcode_actions wpml-ls-item wpml-ls-item-hi wpml-ls-last-item wpml-ls-item-legacy-list-horizontal\">\n\t\t\t\t<a href=\"https:\/\/www.edgarbaker.com\/hi\/\" class=\"wpml-ls-link\">\n                                                        <img decoding=\"async\"\n            class=\"wpml-ls-flag\"\n            src=\"https:\/\/www.edgarbaker.com\/wp-content\/plugins\/sitepress-multilingual-cms\/res\/flags\/hi.svg\"\n            alt=\"Hindi\"\n            width=18\n            height=12\n    \/><\/a>\n\t\t\t<\/li><\/ul>\n<\/div>\n<\/div>\t\t<\/div>\n\t\t\t\t<\/div>\n\t\t\t\t\t<\/div>\n\t\t\t\t<\/div>\n\t\t\t\t<section class=\"elementor-section elementor-top-section elementor-element elementor-element-c5968fb elementor-section-full_width elementor-section-height-default elementor-section-height-default qodef-elementor-content-no\" data-id=\"c5968fb\" data-element_type=\"section\" data-settings=\"{&quot;background_background&quot;:&quot;classic&quot;,&quot;jet_parallax_layout_list&quot;:[]}\">\n\t\t\t\t\t\t<div class=\"elementor-container elementor-column-gap-default\">\n\t\t\t\t\t<div class=\"elementor-column elementor-col-50 elementor-top-column elementor-element elementor-element-05d353a\" data-id=\"05d353a\" data-element_type=\"column\" data-settings=\"{&quot;background_background&quot;:&quot;classic&quot;}\">\n\t\t\t<div class=\"elementor-widget-wrap elementor-element-populated\">\n\t\t\t\t\t\t<div class=\"elementor-element elementor-element-30d3bae elementor-widget elementor-widget-halstein_core_banner\" data-id=\"30d3bae\" data-element_type=\"widget\" data-widget_type=\"halstein_core_banner.default\">\n\t\t\t\t<div class=\"elementor-widget-container\">\n\t\t\t<div class=\"qodef-shortcode qodef-m  qodef-banner qodef-layout--link-overlay  qodef-image-responsive-position--center  qodef-text-field-break--disabled \">\n\t<div class=\"qodef-m-image\">\n\t<img fetchpriority=\"high\" decoding=\"async\" width=\"1300\" height=\"1077\" src=\"https:\/\/www.edgarbaker.com\/wp-content\/uploads\/2021\/10\/h5-img-04.jpg\" class=\"attachment-full size-full\" alt=\"L\" srcset=\"https:\/\/www.edgarbaker.com\/wp-content\/uploads\/2021\/10\/h5-img-04.jpg 1300w, https:\/\/www.edgarbaker.com\/wp-content\/uploads\/2021\/10\/h5-img-04-300x249.jpg 300w, https:\/\/www.edgarbaker.com\/wp-content\/uploads\/2021\/10\/h5-img-04-1024x848.jpg 1024w, https:\/\/www.edgarbaker.com\/wp-content\/uploads\/2021\/10\/h5-img-04-768x636.jpg 768w\" sizes=\"(max-width: 1300px) 100vw, 1300px\" \/><\/div>\n\t<div class=\"qodef-m-content\">\n\t\t<div class=\"qodef-m-content-inner\" style=\"background-color: #000000B5\">\n\t\t\t<div class=\"qodef-m-content-inner-top\">\n\t\t\t\t\t\t\t\t\t<h4 class=\"qodef-m-title\" style=\"color: #FFFFFF\">\n\t\t\u041f\u0435\u0440\u0435\u0433\u043b\u044f\u043d\u044c\u0442\u0435 \u0432\u0441\u0456 \u0434\u043e\u0441\u0442\u0443\u043f\u043d\u0456 \u043f\u0440\u043e\u043f\u043e\u0437\u0438\u0446\u0456\u0457\t<\/h4>\n\t\t\t\t\t<p class=\"qodef-m-text-field\" style=\"color: #FFFFFF\">\n\t\t\u041f\u0440\u0430\u0446\u044e\u0439\u0442\u0435 \u0432 \u0433\u0430\u043b\u0443\u0437\u0456, \u044f\u043a\u0430 \u0412\u0430\u043c \u043f\u0456\u0434\u0445\u043e\u0434\u0438\u0442\u044c \u0456 \u0431\u0443\u0434\u0435 \u0412\u0430\u0441 \u043d\u0430\u0434\u0438\u0445\u0430\u0442\u0438.\u0417\u043c\u0456\u043d\u0430 \u0446\u0435 \u0436 \u0436\u0438\u0442\u0442\u044f.\t<\/p>\n\t\t\t<\/div>\n\t\t\t<div class=\"qodef-m-content-inner-bottom\">\n\t\t\t\t\t<h4 class=\"qodef-m-tagline\" style=\"color: #FFFFFF\">\n\t\t\u0414\u041b\u042f \u041a\u0410\u041d\u0414\u0418\u0414\u0410\u0422\u0406\u0412\t<\/h4>\n\t\t\t\t<div class=\"qodef-m-arrow\" style=\"color: #FFFFFF\">\n\t<svg class=\"qodef-svg--banner-arrow\" xmlns=\"http:\/\/www.w3.org\/2000\/svg\"\n     xmlns:xlink=\"http:\/\/www.w3.org\/1999\/xlink\" x=\"0px\" y=\"0px\" width=\"35px\" height=\"53px\"\n     viewBox=\"0 0 35 53\" style=\"enable-background:new 0 0 35 53;\" xml:space=\"preserve\"><polyline points=\"15.4,10.9 30.7,26.4 15.4,42.2 \"\/><line x1=\"0.5\" y1=\"0\" x2=\"0.5\" y2=\"53\"\/><\/svg><\/div>\n\t\t\t<\/div>\n\t\t<\/div>\n\t<\/div>\n\t<a itemprop=\"url\" href=\"https:\/\/www.edgarbaker.com\/uk\/\u043c\u043e\u0436\u043b\u0438\u0432\u043e\u0441\u0442\u0456-\u043f\u0440\u0430\u0446\u0435\u0432\u043b\u0430\u0448\u0442\u0443\u0432\u0430\u043d\u043d\u044f\/\" class=\"qodef-m-banner-link\" target=\"_self\"><\/a>\n\n<\/div>\n\t\t<\/div>\n\t\t\t\t<\/div>\n\t\t\t\t\t<\/div>\n\t\t<\/div>\n\t\t\t\t<div class=\"elementor-column elementor-col-50 elementor-top-column elementor-element elementor-element-48a3b7d\" data-id=\"48a3b7d\" data-element_type=\"column\" data-settings=\"{&quot;background_background&quot;:&quot;classic&quot;}\">\n\t\t\t<div class=\"elementor-widget-wrap elementor-element-populated\">\n\t\t\t\t\t\t<div class=\"elementor-element elementor-element-320a527 elementor-widget elementor-widget-halstein_core_banner\" data-id=\"320a527\" data-element_type=\"widget\" data-widget_type=\"halstein_core_banner.default\">\n\t\t\t\t<div class=\"elementor-widget-container\">\n\t\t\t<div class=\"qodef-shortcode qodef-m  qodef-banner qodef-layout--link-overlay  qodef-image-responsive-position--center  qodef-text-field-break--disabled \">\n\t<div class=\"qodef-m-image\">\n\t<img decoding=\"async\" width=\"1300\" height=\"1077\" src=\"https:\/\/www.edgarbaker.com\/wp-content\/uploads\/2024\/05\/B2BBBh5-img-04.png\" class=\"attachment-full size-full\" alt=\"\" srcset=\"https:\/\/www.edgarbaker.com\/wp-content\/uploads\/2024\/05\/B2BBBh5-img-04.png 1300w, https:\/\/www.edgarbaker.com\/wp-content\/uploads\/2024\/05\/B2BBBh5-img-04-300x249.png 300w, https:\/\/www.edgarbaker.com\/wp-content\/uploads\/2024\/05\/B2BBBh5-img-04-1024x848.png 1024w, https:\/\/www.edgarbaker.com\/wp-content\/uploads\/2024\/05\/B2BBBh5-img-04-768x636.png 768w\" sizes=\"(max-width: 1300px) 100vw, 1300px\" \/><\/div>\n\t<div class=\"qodef-m-content\">\n\t\t<div class=\"qodef-m-content-inner\" style=\"background-color: #B29063E6\">\n\t\t\t<div class=\"qodef-m-content-inner-top\">\n\t\t\t\t\t\t\t\t\t<h4 class=\"qodef-m-title\" style=\"color: #FFFFFF\">\n\t\t\u041f\u0435\u0440\u0435\u0433\u043b\u044f\u043d\u044c\u0442\u0435 \u0432\u0441\u0456 \u043d\u0430\u0448\u0456 \u043f\u043e\u0441\u043b\u0443\u0433\u0438 \u0456 \u0434\u0456\u0437\u043d\u0430\u0439\u0442\u0435\u0441\u044f, \u044f\u043a \u043c\u0438 \u043c\u043e\u0436\u0435\u043c\u043e \u0412\u0430\u043c \u0434\u043e\u043f\u043e\u043c\u043e\u0433\u0442\u0438.\t<\/h4>\n\t\t\t\t\t<p class=\"qodef-m-text-field\" style=\"color: #FFFFFF\">\n\t\t\u0412\u0430\u0448 \u043f\u0440\u043e\u0444\u0435\u0441\u0456\u0439\u043d\u0438\u0439 HR \u043f\u0430\u0440\u0442\u043d\u0435\u0440 \u0432 \u043a\u043e\u0436\u043d\u0456\u0439 \u0433\u0430\u043b\u0443\u0437\u0456\t<\/p>\n\t\t\t<\/div>\n\t\t\t<div class=\"qodef-m-content-inner-bottom\">\n\t\t\t\t\t<h4 class=\"qodef-m-tagline\" style=\"color: #FFFFFF\">\n\t\t\u0414\u041b\u042f \u041a\u041e\u041c\u041f\u0410\u041d\u0406\u0419\t<\/h4>\n\t\t\t\t<div class=\"qodef-m-arrow\" style=\"color: #FFFFFF\">\n\t<svg class=\"qodef-svg--banner-arrow\" xmlns=\"http:\/\/www.w3.org\/2000\/svg\"\n     xmlns:xlink=\"http:\/\/www.w3.org\/1999\/xlink\" x=\"0px\" y=\"0px\" width=\"35px\" height=\"53px\"\n     viewBox=\"0 0 35 53\" style=\"enable-background:new 0 0 35 53;\" xml:space=\"preserve\"><polyline points=\"15.4,10.9 30.7,26.4 15.4,42.2 \"\/><line x1=\"0.5\" y1=\"0\" x2=\"0.5\" y2=\"53\"\/><\/svg><\/div>\n\t\t\t<\/div>\n\t\t<\/div>\n\t<\/div>\n\t<a itemprop=\"url\" href=\"\/uk\/main-home\/\" class=\"qodef-m-banner-link\" target=\"_self\"><\/a>\n\n<\/div>\n\t\t<\/div>\n\t\t\t\t<\/div>\n\t\t\t\t\t<\/div>\n\t\t<\/div>\n\t\t\t\t\t<\/div>\n\t\t<\/section>\n\t\t<div class=\"elementor-element elementor-element-32762ef e-flex e-con-boxed e-con e-parent\" data-id=\"32762ef\" data-element_type=\"container\" data-settings=\"{&quot;jet_parallax_layout_list&quot;:[]}\">\n\t\t\t\t\t<div class=\"e-con-inner\">\n\t\t\t\t<div class=\"elementor-element elementor-element-b1112ca elementor-widget__width-initial elementor-widget elementor-widget-halstein_core_section_title\" data-id=\"b1112ca\" data-element_type=\"widget\" data-widget_type=\"halstein_core_section_title.default\">\n\t\t\t\t<div class=\"elementor-widget-container\">\n\t\t\t<div class=\"qodef-shortcode qodef-m  qodef-section-title qodef-alignment--center  \">\n\t\t<h6 class=\"qodef-m-tagline\" style=\"margin-bottom: 13px\">\n\t\tEdgar baker\t<\/h6>\n\t\t<h2 class=\"qodef-m-title\" style=\"color: #FFFFFF\">\n\t\t\t\t\t\u0414\u0406\u0417\u041d\u0410\u0419\u0422\u0415\u0421\u042c \u041f\u0420\u041e \u041d\u0410\u0421 \u0411\u0406\u041b\u042c\u0428\u0415<br>\t\t\t<\/h2>\n\t\t\t<\/div>\n\t\t<\/div>\n\t\t\t\t<\/div>\n\t\t\t\t\t<\/div>\n\t\t\t\t<\/div>\n\t\t<div class=\"elementor-element elementor-element-cc0fead e-flex e-con-boxed e-con e-parent\" data-id=\"cc0fead\" data-element_type=\"container\" data-settings=\"{&quot;jet_parallax_layout_list&quot;:[]}\">\n\t\t\t\t\t<div class=\"e-con-inner\">\n\t\t\t\t<div class=\"elementor-element elementor-element-6676806 elementor-widget elementor-widget-halstein_core_team_list\" data-id=\"6676806\" data-element_type=\"widget\" data-widget_type=\"halstein_core_team_list.default\">\n\t\t\t\t<div class=\"elementor-widget-container\">\n\t\t\t<div class=\"qodef-shortcode qodef-m  qodef-team-list qodef-item-layout--info-on-hover  qodef-grid qodef-layout--columns  qodef-gutter--normal qodef-col-num--2 qodef-navigation-position--left qodef-navigation-skin--light qodef-item-layout--info-on-hover qodef--no-bottom-space qodef-pagination--off qodef-responsive--predefined qodef-content-initial-state--show\" data-options=\"{&quot;plugin&quot;:&quot;halstein_core&quot;,&quot;module&quot;:&quot;post-types\\\/team\\\/shortcodes&quot;,&quot;shortcode&quot;:&quot;team-list&quot;,&quot;post_type&quot;:&quot;team&quot;,&quot;next_page&quot;:&quot;2&quot;,&quot;max_pages_num&quot;:1,&quot;behavior&quot;:&quot;columns&quot;,&quot;images_proportion&quot;:&quot;large&quot;,&quot;columns&quot;:&quot;2&quot;,&quot;columns_responsive&quot;:&quot;predefined&quot;,&quot;space&quot;:&quot;normal&quot;,&quot;slider_navigation_position&quot;:&quot;left&quot;,&quot;slider_navigation_skin&quot;:&quot;light&quot;,&quot;appear_animation&quot;:&quot;no&quot;,&quot;posts_per_page&quot;:&quot;3&quot;,&quot;orderby&quot;:&quot;date&quot;,&quot;order&quot;:&quot;DESC&quot;,&quot;additional_params&quot;:&quot;tax&quot;,&quot;tax&quot;:&quot;team-category&quot;,&quot;tax_slug&quot;:&quot;best&quot;,&quot;layout&quot;:&quot;info-on-hover&quot;,&quot;title_tag&quot;:&quot;h3&quot;,&quot;pagination_type&quot;:&quot;no-pagination&quot;,&quot;info_on_hover_content_initial_state&quot;:&quot;show&quot;,&quot;object_class_name&quot;:&quot;HalsteinCore_Team_List_Shortcode&quot;,&quot;taxonomy_filter&quot;:&quot;team-category&quot;,&quot;additional_query_args&quot;:{&quot;tax_query&quot;:[{&quot;taxonomy&quot;:&quot;team-category&quot;,&quot;field&quot;:&quot;slug&quot;,&quot;terms&quot;:&quot;best&quot;}]},&quot;item_classes&quot;:&quot;qodef-e qodef-grid-item &quot;,&quot;space_value&quot;:15}\">\n\t\t<div class=\"qodef-grid-inner clear\">\n\t\t<div class=\"qodef-e qodef-grid-item  post-4325 team type-team status-publish has-post-thumbnail hentry team-category-best\">\n\t<div class=\"qodef-e-inner\">\n\t\t<div class=\"qodef-e-image\">\n\t\t\t\t<div class=\"qodef-e-media-image\">\n\t\t\t\t\t<img decoding=\"async\" width=\"955\" height=\"1024\" src=\"https:\/\/www.edgarbaker.com\/wp-content\/uploads\/2021\/10\/11-955x1024.jpg\" class=\"attachment-large size-large wp-post-image\" alt=\"\" srcset=\"https:\/\/www.edgarbaker.com\/wp-content\/uploads\/2021\/10\/11-955x1024.jpg 955w, https:\/\/www.edgarbaker.com\/wp-content\/uploads\/2021\/10\/11-280x300.jpg 280w, https:\/\/www.edgarbaker.com\/wp-content\/uploads\/2021\/10\/11-768x824.jpg 768w, https:\/\/www.edgarbaker.com\/wp-content\/uploads\/2021\/10\/11.jpg 1050w\" sizes=\"(max-width: 955px) 100vw, 955px\" \/>\t\t\t<\/div>\n\t\t<\/div>\n\t\t<div class=\"qodef-e-content\">\n\t\t\t<div class=\"qodef-e-content-left\">\n\t\t\t\t<h3 itemprop=\"name\" class=\"qodef-e-title entry-title\" >\n\t\t\tJAKUB FEKIA\u010c\t<\/h3>\n\t\t\t\t\t<p class=\"qodef-e-role\">Managing Partner<\/p>\n\t\t\t<\/div>\n\t\t\t<div class=\"qodef-e-content-right\">\n\t\t\t\t\t<div class=\"qodef-team-member-social-icons\">\n\t\t\t\t\t<\/div>\n\t\t\t<\/div>\n\t\t<\/div>\n\t<\/div>\n<\/div>\n<div class=\"qodef-e qodef-grid-item  post-4322 team type-team status-publish has-post-thumbnail hentry team-category-best\">\n\t<div class=\"qodef-e-inner\">\n\t\t<div class=\"qodef-e-image\">\n\t\t\t\t<div class=\"qodef-e-media-image\">\n\t\t\t\t\t<img loading=\"lazy\" decoding=\"async\" width=\"955\" height=\"1024\" src=\"https:\/\/www.edgarbaker.com\/wp-content\/uploads\/2021\/10\/12-955x1024.jpg\" class=\"attachment-large size-large wp-post-image\" alt=\"\" srcset=\"https:\/\/www.edgarbaker.com\/wp-content\/uploads\/2021\/10\/12-955x1024.jpg 955w, https:\/\/www.edgarbaker.com\/wp-content\/uploads\/2021\/10\/12-280x300.jpg 280w, https:\/\/www.edgarbaker.com\/wp-content\/uploads\/2021\/10\/12-768x824.jpg 768w, https:\/\/www.edgarbaker.com\/wp-content\/uploads\/2021\/10\/12.jpg 1050w\" sizes=\"(max-width: 955px) 100vw, 955px\" \/>\t\t\t<\/div>\n\t\t<\/div>\n\t\t<div class=\"qodef-e-content\">\n\t\t\t<div class=\"qodef-e-content-left\">\n\t\t\t\t<h3 itemprop=\"name\" class=\"qodef-e-title entry-title\" >\n\t\t\tJANA \u0160RAM\u010c\u00cdKOV\u00c1\t<\/h3>\n\t\t\t\t\t<p class=\"qodef-e-role\">Associate Partner<\/p>\n\t\t\t<\/div>\n\t\t\t<div class=\"qodef-e-content-right\">\n\t\t\t\t\t\t\t<\/div>\n\t\t<\/div>\n\t<\/div>\n<\/div>\n\t<\/div>\n\t<\/div>\n\t\t<\/div>\n\t\t\t\t<\/div>\n\t\t\t\t\t<\/div>\n\t\t\t\t<\/div>\n\t\t<div class=\"elementor-element elementor-element-a9e1b3a e-flex e-con-boxed e-con e-parent\" data-id=\"a9e1b3a\" data-element_type=\"container\" data-settings=\"{&quot;jet_parallax_layout_list&quot;:[]}\">\n\t\t\t\t\t<div class=\"e-con-inner\">\n\t\t\t\t<div class=\"elementor-element elementor-element-88acfbc elementor-widget__width-initial elementor-widget elementor-widget-halstein_core_section_title\" data-id=\"88acfbc\" data-element_type=\"widget\" data-widget_type=\"halstein_core_section_title.default\">\n\t\t\t\t<div class=\"elementor-widget-container\">\n\t\t\t<div class=\"qodef-shortcode qodef-m  qodef-section-title qodef-alignment--center  \">\n\t\t<h6 class=\"qodef-m-tagline\" style=\"margin-bottom: 13px\">\n\t\tinfo@edgarbaker.com\t<\/h6>\n\t\t<h3 class=\"qodef-m-title\" style=\"color: #FFFFFF\">\n\t\t\t\t\t+421 905 321 596<br>\t\t\t<\/h3>\n\t\t\t<\/div>\n\t\t<\/div>\n\t\t\t\t<\/div>\n\t\t\t\t\t<\/div>\n\t\t\t\t<\/div>\n\t\t<div class=\"elementor-element elementor-element-43fd3da elementor-hidden-desktop elementor-hidden-tablet elementor-hidden-mobile e-flex e-con-boxed e-con e-parent\" data-id=\"43fd3da\" data-element_type=\"container\" data-settings=\"{&quot;jet_parallax_layout_list&quot;:[]}\">\n\t\t\t\t\t<div class=\"e-con-inner\">\n\t\t\t\t<div class=\"elementor-element elementor-element-3abbb11 elementor-widget elementor-widget-text-editor\" data-id=\"3abbb11\" data-element_type=\"widget\" data-widget_type=\"text-editor.default\">\n\t\t\t\t<div class=\"elementor-widget-container\">\n\t\t\t<style>\/*! elementor - v3.23.0 - 15-07-2024 *\/\n.elementor-widget-text-editor.elementor-drop-cap-view-stacked .elementor-drop-cap{background-color:#69727d;color:#fff}.elementor-widget-text-editor.elementor-drop-cap-view-framed .elementor-drop-cap{color:#69727d;border:3px solid;background-color:transparent}.elementor-widget-text-editor:not(.elementor-drop-cap-view-default) .elementor-drop-cap{margin-top:8px}.elementor-widget-text-editor:not(.elementor-drop-cap-view-default) .elementor-drop-cap-letter{width:1em;height:1em}.elementor-widget-text-editor .elementor-drop-cap{float:left;text-align:center;line-height:1;font-size:50px}.elementor-widget-text-editor .elementor-drop-cap-letter{display:inline-block}<\/style>\t\t\t\t<p>#HR #recruitment #job #praca #humanresources #humanresourcesservices #HRconsulting<br \/>#career #executivesearch #expertrecruitment #projectrecruitment #temporarystaffing<br \/>#outsourcing #internationalrecruitment #volnepozicie #personalnaagentura #trhprace#HR #recruitment #job #praca #humanresources #humanresourcesservices #HRconsulting<br \/>#career #executivesearch #expertrecruitment #projectrecruitment #temporarystaffing<br \/>#outsourcing #internationalrecruitment #volnepozicie #personalnaagentura #trhprace<\/p>\n\t\t\t\t\t\t<\/div>\n\t\t\t\t<\/div>\n\t\t\t\t\t<\/div>\n\t\t\t\t<\/div>\n\t\t\t\t<\/div>\n\t\t","protected":false},"excerpt":{"rendered":"<p>\u041f\u0435\u0440\u0435\u0433\u043b\u044f\u043d\u044c\u0442\u0435 \u0432\u0441\u0456 \u0434\u043e\u0441\u0442\u0443\u043f\u043d\u0456 \u043f\u0440\u043e\u043f\u043e\u0437\u0438\u0446\u0456\u0457 \u041f\u0440\u0430\u0446\u044e\u0439\u0442\u0435 \u0432 \u0433\u0430\u043b\u0443\u0437\u0456, \u044f\u043a\u0430 \u0412\u0430\u043c \u043f\u0456\u0434\u0445\u043e\u0434\u0438\u0442\u044c \u0456 \u0431\u0443\u0434\u0435 \u0412\u0430\u0441 \u043d\u0430\u0434\u0438\u0445\u0430\u0442\u0438.\u0417\u043c\u0456\u043d\u0430 \u0446\u0435 \u0436 \u0436\u0438\u0442\u0442\u044f. \u0414\u041b\u042f \u041a\u0410\u041d\u0414\u0418\u0414\u0410\u0422\u0406\u0412 \u041f\u0435\u0440\u0435\u0433\u043b\u044f\u043d\u044c\u0442\u0435 \u0432\u0441\u0456 \u043d\u0430\u0448\u0456 \u043f\u043e\u0441\u043b\u0443\u0433\u0438 \u0456 \u0434\u0456\u0437\u043d\u0430\u0439\u0442\u0435\u0441\u044f, \u044f\u043a \u043c\u0438 \u043c\u043e\u0436\u0435\u043c\u043e \u0412\u0430\u043c \u0434\u043e\u043f\u043e\u043c\u043e\u0433\u0442\u0438. \u0412\u0430\u0448 \u043f\u0440\u043e\u0444\u0435\u0441\u0456\u0439\u043d\u0438\u0439 HR \u043f\u0430\u0440\u0442\u043d\u0435\u0440 \u0432 \u043a\u043e\u0436\u043d\u0456\u0439 \u0433\u0430\u043b\u0443\u0437\u0456 \u0414\u041b\u042f \u041a\u041e\u041c\u041f\u0410\u041d\u0406\u0419 Edgar baker \u0414\u0406\u0417\u041d\u0410\u0419\u0422\u0415\u0421\u042c \u041f\u0420\u041e \u041d\u0410\u0421 \u0411\u0406\u041b\u042c\u0428\u0415 JAKUB FEKIA\u010c Managing Partner JANA \u0160RAM\u010c\u00cdKOV\u00c1 Associate Partner info@edgarbaker.com +421 [&hellip;]<\/p>\n","protected":false},"author":1,"featured_media":0,"parent":0,"menu_order":0,"comment_status":"closed","ping_status":"closed","template":"elementor_canvas","meta":{"om_disable_all_campaigns":false,"footnotes":""},"_links":{"self":[{"href":"https:\/\/www.edgarbaker.com\/uk\/wp-json\/wp\/v2\/pages\/13212"}],"collection":[{"href":"https:\/\/www.edgarbaker.com\/uk\/wp-json\/wp\/v2\/pages"}],"about":[{"href":"https:\/\/www.edgarbaker.com\/uk\/wp-json\/wp\/v2\/types\/page"}],"author":[{"embeddable":true,"href":"https:\/\/www.edgarbaker.com\/uk\/wp-json\/wp\/v2\/users\/1"}],"replies":[{"embeddable":true,"href":"https:\/\/www.edgarbaker.com\/uk\/wp-json\/wp\/v2\/comments?post=13212"}],"version-history":[{"count":3,"href":"https:\/\/www.edgarbaker.com\/uk\/wp-json\/wp\/v2\/pages\/13212\/revisions"}],"predecessor-version":[{"id":14881,"href":"https:\/\/www.edgarbaker.com\/uk\/wp-json\/wp\/v2\/pages\/13212\/revisions\/14881"}],"wp:attachment":[{"href":"https:\/\/www.edgarbaker.com\/uk\/wp-json\/wp\/v2\/media?parent=13212"}],"curies":[{"name":"wp","href":"https:\/\/api.w.org\/{rel}","templated":true}]}}