{"id":12638,"date":"2021-10-18T09:36:52","date_gmt":"2021-10-18T07:36:52","guid":{"rendered":"https:\/\/www.edgarbaker.com\/job-opportunities\/"},"modified":"2024-08-11T23:12:49","modified_gmt":"2024-08-11T21:12:49","slug":"job-opportunities","status":"publish","type":"page","link":"https:\/\/www.edgarbaker.com\/en\/job-opportunities\/","title":{"rendered":"JOB OPPORTUNITIES"},"content":{"rendered":"\t\t<div data-elementor-type=\"wp-page\" data-elementor-id=\"12638\" class=\"elementor elementor-12638 elementor-5099\" data-elementor-post-type=\"page\">\n\t\t\t\t\t\t<section class=\"elementor-section elementor-top-section elementor-element elementor-element-bcb79bb elementor-section-full_width elementor-section-height-default elementor-section-height-default qodef-elementor-content-no\" data-id=\"bcb79bb\" data-element_type=\"section\" data-settings=\"{&quot;jet_parallax_layout_list&quot;:[]}\">\n\t\t\t\t\t\t<div class=\"elementor-container elementor-column-gap-default\">\n\t\t\t\t\t<div class=\"elementor-column elementor-col-100 elementor-top-column elementor-element elementor-element-2099504\" data-id=\"2099504\" data-element_type=\"column\">\n\t\t\t<div class=\"elementor-widget-wrap elementor-element-populated\">\n\t\t\t\t\t\t<div class=\"elementor-element elementor-element-137c0f1 elementor-widget__width-initial elementor-hidden-tablet elementor-hidden-mobile elementor-widget elementor-widget-halstein_core_section_title\" data-id=\"137c0f1\" data-element_type=\"widget\" data-widget_type=\"halstein_core_section_title.default\">\n\t\t\t\t<div class=\"elementor-widget-container\">\n\t\t\t<div class=\"qodef-shortcode qodef-m  qodef-section-title qodef-alignment--left  \">\n\t\t<h6 class=\"qodef-m-tagline\" >\n\t\tAre you seeking new career opportunities?\t<\/h6>\n\t\t<h2 class=\"qodef-m-title\" >\n\t\t\t\t\tLook no further! We have a wide range of job openings across various industries.\t\t\t<\/h2>\n\t\t\t<p class=\"qodef-m-text-field\" >\n\t\tOur staffing agency will help kickstart your career and find a job that fulfills\nyou.<br><br>Join the thousands of successful candidates who have already found their place in the job market.\nBegin your journey to success with Edgar Baker today!\t<\/p>\n\t<\/div>\n\t\t<\/div>\n\t\t\t\t<\/div>\n\t\t\t\t<div class=\"elementor-element elementor-element-e201967 elementor-widget__width-initial elementor-hidden-desktop elementor-widget elementor-widget-halstein_core_section_title\" data-id=\"e201967\" data-element_type=\"widget\" data-widget_type=\"halstein_core_section_title.default\">\n\t\t\t\t<div class=\"elementor-widget-container\">\n\t\t\t<div class=\"qodef-shortcode qodef-m  qodef-section-title qodef-alignment--left  \">\n\t\t<h6 class=\"qodef-m-tagline\" >\n\t\tAre you seeking new career opportunities?\t<\/h6>\n\t\t<h4 class=\"qodef-m-title\" >\n\t\t\t\t\tLook no further! We have a wide range of job openings across various industries.\t\t\t<\/h4>\n\t\t\t<p class=\"qodef-m-text-field\" >\n\t\tOur staffing agency will help kickstart your career and find a job that fulfills\nyou.<br><br> Join the thousands of successful candidates who have already found their place in the job market.\nBegin your journey to success with Edgar Baker today!\t<\/p>\n\t<\/div>\n\t\t<\/div>\n\t\t\t\t<\/div>\n\t\t\t\t\t<\/div>\n\t\t<\/div>\n\t\t\t\t\t<\/div>\n\t\t<\/section>\n\t\t<div class=\"elementor-element elementor-element-d6830ed elementor-hidden-desktop elementor-hidden-tablet elementor-hidden-mobile e-flex e-con-boxed e-con e-parent\" data-id=\"d6830ed\" data-element_type=\"container\" data-settings=\"{&quot;jet_parallax_layout_list&quot;:[]}\">\n\t\t\t\t\t<div class=\"e-con-inner\">\n\t\t\t\t<div class=\"elementor-element elementor-element-9ece60d elementor-widget elementor-widget-text-editor\" data-id=\"9ece60d\" data-element_type=\"widget\" data-widget_type=\"text-editor.default\">\n\t\t\t\t<div class=\"elementor-widget-container\">\n\t\t\t<style>\/*! elementor - v3.23.0 - 15-07-2024 *\/\n.elementor-widget-text-editor.elementor-drop-cap-view-stacked .elementor-drop-cap{background-color:#69727d;color:#fff}.elementor-widget-text-editor.elementor-drop-cap-view-framed .elementor-drop-cap{color:#69727d;border:3px solid;background-color:transparent}.elementor-widget-text-editor:not(.elementor-drop-cap-view-default) .elementor-drop-cap{margin-top:8px}.elementor-widget-text-editor:not(.elementor-drop-cap-view-default) .elementor-drop-cap-letter{width:1em;height:1em}.elementor-widget-text-editor .elementor-drop-cap{float:left;text-align:center;line-height:1;font-size:50px}.elementor-widget-text-editor .elementor-drop-cap-letter{display:inline-block}<\/style>\t\t\t\t<p>#HR #recruitment #job #praca #humanresources #humanresourcesservices #HRconsulting<br \/>#career #executivesearch #expertrecruitment #projectrecruitment #temporarystaffing<br \/>#outsourcing #internationalrecruitment #volnepozicie #personalnaagentura #trhprace<\/p>\t\t\t\t\t\t<\/div>\n\t\t\t\t<\/div>\n\t\t\t\t\t<\/div>\n\t\t\t\t<\/div>\n\t\t<div class=\"elementor-element elementor-element-38946bc e-flex e-con-boxed e-con e-parent\" data-id=\"38946bc\" data-element_type=\"container\" data-settings=\"{&quot;jet_parallax_layout_list&quot;:[]}\">\n\t\t\t\t\t<div class=\"e-con-inner\">\n\t\t\t\t<div class=\"elementor-element elementor-element-4060a04 elementor-widget elementor-widget-jet-posts\" data-id=\"4060a04\" data-element_type=\"widget\" data-settings=\"{&quot;columns&quot;:&quot;1&quot;}\" data-widget_type=\"jet-posts.default\">\n\t\t\t\t<div class=\"elementor-widget-container\">\n\t\t\t<div class=\"elementor-jet-posts jet-elements\"><div class=\"jet-posts col-row \"><div class=\"jet-posts__item\">\n\t<div class=\"jet-posts__inner-box\"><div class=\"jet-posts__inner-content\"><h4 class=\"entry-title\"><a href=\"https:\/\/www.edgarbaker.com\/en\/pracovne-ponuky-edgar-baker\/senior-pega-sales-automation-specialist\/\" target=\"\">Senior Pega Sales Automation specialist<\/a><\/h4><div class=\"entry-excerpt\">Currently, we\u2019re working on Pega Sales Automation application for different users. We are looking for an experienced Lead Pega specialist&hellip;<\/div><div class=\"jet-more-wrap\"><a href=\"https:\/\/www.edgarbaker.com\/en\/pracovne-ponuky-edgar-baker\/senior-pega-sales-automation-specialist\/\" class=\"btn btn-primary elementor-button elementor-size-md jet-more\" target=\"\"><span class=\"btn__text\">Viac info<\/span><\/a><\/div><\/div><\/div>\n<\/div>\n<div class=\"jet-posts__item\">\n\t<div class=\"jet-posts__inner-box\"><div class=\"jet-posts__inner-content\"><h4 class=\"entry-title\"><a href=\"https:\/\/www.edgarbaker.com\/en\/pracovne-ponuky-edgar-baker\/site-core-developer\/\" target=\"\">Site Core Developer<\/a><\/h4><div class=\"entry-excerpt\">We are looking for a Site Core Developer with a passion to ensure innovation and further development of the website.<\/div><div class=\"jet-more-wrap\"><a href=\"https:\/\/www.edgarbaker.com\/en\/pracovne-ponuky-edgar-baker\/site-core-developer\/\" class=\"btn btn-primary elementor-button elementor-size-md jet-more\" target=\"\"><span class=\"btn__text\">Viac info<\/span><\/a><\/div><\/div><\/div>\n<\/div>\n<div class=\"jet-posts__item\">\n\t<div class=\"jet-posts__inner-box\"><div class=\"jet-posts__inner-content\"><h4 class=\"entry-title\"><a href=\"https:\/\/www.edgarbaker.com\/en\/pracovne-ponuky-edgar-baker\/pega-test-specialist\/\" target=\"\">Pega Test specialist<\/a><\/h4><div class=\"entry-excerpt\">Currently we\u2019re working on Pega Sales Automation application for different users. We are looking for experienced Pega specialist to add&hellip;<\/div><div class=\"jet-more-wrap\"><a href=\"https:\/\/www.edgarbaker.com\/en\/pracovne-ponuky-edgar-baker\/pega-test-specialist\/\" class=\"btn btn-primary elementor-button elementor-size-md jet-more\" target=\"\"><span class=\"btn__text\">Viac info<\/span><\/a><\/div><\/div><\/div>\n<\/div>\n<div class=\"jet-posts__item\">\n\t<div class=\"jet-posts__inner-box\"><div class=\"jet-posts__inner-content\"><h4 class=\"entry-title\"><a href=\"https:\/\/www.edgarbaker.com\/en\/pracovne-ponuky-edgar-baker\/financny-administrator\/\" target=\"\">Finan\u010dn\u00fd Administr\u00e1tor<\/a><\/h4><div class=\"entry-excerpt\">Zodpovednos\u0165 za extern\u00fdch zamestnancov, nastavenie v\u0161etk\u00fdch potrebn\u00fdch vstupov a pr\u00edstupov.<\/div><div class=\"jet-more-wrap\"><a href=\"https:\/\/www.edgarbaker.com\/en\/pracovne-ponuky-edgar-baker\/financny-administrator\/\" class=\"btn btn-primary elementor-button elementor-size-md jet-more\" target=\"\"><span class=\"btn__text\">Viac info<\/span><\/a><\/div><\/div><\/div>\n<\/div>\n<div class=\"jet-posts__item\">\n\t<div class=\"jet-posts__inner-box\"><div class=\"jet-posts__inner-content\"><h4 class=\"entry-title\"><a href=\"https:\/\/www.edgarbaker.com\/en\/pracovne-ponuky-edgar-baker\/specialista-na-uctovanie-dlhodobeho-majetku\/\" target=\"\">\u0160pecialista na \u00fa\u010dtovanie dlhodob\u00e9ho majetku<\/a><\/h4><div class=\"entry-excerpt\">Budete akt\u00edvne podporova\u0165 dosahovanie strategick\u00fdch a opera\u010dn\u00fdch cie\u013eov s rozv\u00edjan\u00edm udr\u017eate\u013enej kult\u00fary pomocou neust\u00e1leho zlep\u0161ovania procesov.<\/div><div class=\"jet-more-wrap\"><a href=\"https:\/\/www.edgarbaker.com\/en\/pracovne-ponuky-edgar-baker\/specialista-na-uctovanie-dlhodobeho-majetku\/\" class=\"btn btn-primary elementor-button elementor-size-md jet-more\" target=\"\"><span class=\"btn__text\">Viac info<\/span><\/a><\/div><\/div><\/div>\n<\/div>\n<div class=\"jet-posts__item\">\n\t<div class=\"jet-posts__inner-box\"><div class=\"jet-posts__inner-content\"><h4 class=\"entry-title\"><a href=\"https:\/\/www.edgarbaker.com\/en\/pracovne-ponuky-edgar-baker\/interny-konzultant-senior\/\" target=\"\">Intern\u00fd konzultant Senior<\/a><\/h4><div class=\"entry-excerpt\">\u2022 Budete akt\u00edvne podporova\u0165 dosahovanie strategick\u00fdch a opera\u010dn\u00fdch cie\u013eov, rozv\u00edjan\u00edm udr\u017eate\u013enej kult\u00fary&#13; \u2022 Va\u0161ou \u00falohou bude prev\u00e1dzkova\u0165 a rozv\u00edja\u0165 VPS&hellip;<\/div><div class=\"jet-more-wrap\"><a href=\"https:\/\/www.edgarbaker.com\/en\/pracovne-ponuky-edgar-baker\/interny-konzultant-senior\/\" class=\"btn btn-primary elementor-button elementor-size-md jet-more\" target=\"\"><span class=\"btn__text\">Viac info<\/span><\/a><\/div><\/div><\/div>\n<\/div>\n<div class=\"jet-posts__item\">\n\t<div class=\"jet-posts__inner-box\"><div class=\"jet-posts__inner-content\"><h4 class=\"entry-title\"><a href=\"https:\/\/www.edgarbaker.com\/en\/pracovne-ponuky-edgar-baker\/projektant-projektovy-technik\/\" target=\"\">Projektant\/Projektov\u00fd technik<\/a><\/h4><div class=\"entry-excerpt\">Pre n\u00e1\u0161ho klienta pon\u00fakaj\u00faceho rie\u0161enia skladovanie tovaru h\u013ead\u00e1me sk\u00fasen\u00e9ho projektov\u00e9ho technika, ktor\u00fd bude zastre\u0161ova\u0165 projekty od komunik\u00e1cie s obchod\u00fdm t\u00edmom,&hellip;<\/div><div class=\"jet-more-wrap\"><a href=\"https:\/\/www.edgarbaker.com\/en\/pracovne-ponuky-edgar-baker\/projektant-projektovy-technik\/\" class=\"btn btn-primary elementor-button elementor-size-md jet-more\" target=\"\"><span class=\"btn__text\">Viac info<\/span><\/a><\/div><\/div><\/div>\n<\/div>\n<div class=\"jet-posts__item\">\n\t<div class=\"jet-posts__inner-box\"><div class=\"jet-posts__inner-content\"><h4 class=\"entry-title\"><a href=\"https:\/\/www.edgarbaker.com\/en\/pracovne-ponuky-edgar-baker\/procesny-manazer-pre-bezpecnost-v-elektrotechnike\/\" target=\"\">Procesn\u00fd mana\u017e\u00e9r pre bezpe\u010dnos\u0165 v elektrotechnike<\/a><\/h4><div class=\"entry-excerpt\">Pre medzin\u00e1rodn\u00fa spolo\u010dnos\u0165, ktor\u00e1 p\u00f4sob\u00ed v oblasti v\u00fdvoja elektrotechnick\u00e9ho priemyslu h\u013ead\u00e1me sk\u00fasen\u00e9ho Design\/Application Engineera, ktor\u00fd m\u00e1 sk\u00fasenosti s n\u00e1vrhmi integrovan\u00fdch&hellip;<\/div><div class=\"jet-more-wrap\"><a href=\"https:\/\/www.edgarbaker.com\/en\/pracovne-ponuky-edgar-baker\/procesny-manazer-pre-bezpecnost-v-elektrotechnike\/\" class=\"btn btn-primary elementor-button elementor-size-md jet-more\" target=\"\"><span class=\"btn__text\">Viac info<\/span><\/a><\/div><\/div><\/div>\n<\/div>\n<div class=\"jet-posts__item\">\n\t<div class=\"jet-posts__inner-box\"><div class=\"jet-posts__inner-content\"><h4 class=\"entry-title\"><a href=\"https:\/\/www.edgarbaker.com\/en\/pracovne-ponuky-edgar-baker\/senior-business-development-manager-pre-it-sferu\/\" target=\"\">Senior Business Development Manager pre IT sf\u00e9ru<\/a><\/h4><div class=\"entry-excerpt\">H\u013ead\u00e1me Business Development mana\u017e\u00e9ra, ktor\u00fd pozn\u00e1 IT trh a oblas\u0165 security mu nie je cudzia. Ak m\u00e1te preuk\u00e1zate\u013en\u00e9 obchodn\u00e9 zru\u010dnosti&hellip;<\/div><div class=\"jet-more-wrap\"><a href=\"https:\/\/www.edgarbaker.com\/en\/pracovne-ponuky-edgar-baker\/senior-business-development-manager-pre-it-sferu\/\" class=\"btn btn-primary elementor-button elementor-size-md jet-more\" target=\"\"><span class=\"btn__text\">Viac info<\/span><\/a><\/div><\/div><\/div>\n<\/div>\n<div class=\"jet-posts__item\">\n\t<div class=\"jet-posts__inner-box\"><div class=\"jet-posts__inner-content\"><h4 class=\"entry-title\"><a href=\"https:\/\/www.edgarbaker.com\/en\/pracovne-ponuky-edgar-baker\/delivery-manager-senior-headhunter\/\" target=\"\">Delivery Manager - Senior Headhunter<\/a><\/h4><div class=\"entry-excerpt\">Pozice je vhodn\u00e1 pro Senior Headhuntera s ambicemi v\u00e9st a roz\u0161i\u0159ovat na\u0161 pobo\u010dku a aktivity v \u010cesk\u00e9 republice.<\/div><div class=\"jet-more-wrap\"><a href=\"https:\/\/www.edgarbaker.com\/en\/pracovne-ponuky-edgar-baker\/delivery-manager-senior-headhunter\/\" class=\"btn btn-primary elementor-button elementor-size-md jet-more\" target=\"\"><span class=\"btn__text\">Viac info<\/span><\/a><\/div><\/div><\/div>\n<\/div>\n<div class=\"jet-posts__item\">\n\t<div class=\"jet-posts__inner-box\"><div class=\"jet-posts__inner-content\"><h4 class=\"entry-title\"><a href=\"https:\/\/www.edgarbaker.com\/en\/pracovne-ponuky-edgar-baker\/junior-leasing-manager\/\" target=\"\">Junior Leasing Manager<\/a><\/h4><div class=\"entry-excerpt\">Zauj\u00edma \u0164a sales a nehnute\u013enosti?&#13; &#13; H\u013ead\u00e1me \u010dloveka, ktor\u00fd ma r\u00e1d v\u00fdzvy,&#13; niekoho kto vie komunikova\u0165 s maloobchodnou klientelou, niekoho&hellip;<\/div><div class=\"jet-more-wrap\"><a href=\"https:\/\/www.edgarbaker.com\/en\/pracovne-ponuky-edgar-baker\/junior-leasing-manager\/\" class=\"btn btn-primary elementor-button elementor-size-md jet-more\" target=\"\"><span class=\"btn__text\">Viac info<\/span><\/a><\/div><\/div><\/div>\n<\/div>\n<div class=\"jet-posts__item\">\n\t<div class=\"jet-posts__inner-box\"><div class=\"jet-posts__inner-content\"><h4 class=\"entry-title\"><a href=\"https:\/\/www.edgarbaker.com\/en\/pracovne-ponuky-edgar-baker\/hlavny-inzinier-projektu\/\" target=\"\">Hlavn\u00fd In\u017einier projektu<\/a><\/h4><div class=\"entry-excerpt\">Chcel by si vytv\u00e1ra\u0165 tak\u00fd priestor, aby \u013eudia \u017eili kraj\u0161ie, lep\u0161ie a boli \u0161\u0165astnej\u0161\u00ed, slobodnej\u0161\u00ed? Ak m\u00e1\u0161 v sebe ten&hellip;<\/div><div class=\"jet-more-wrap\"><a href=\"https:\/\/www.edgarbaker.com\/en\/pracovne-ponuky-edgar-baker\/hlavny-inzinier-projektu\/\" class=\"btn btn-primary elementor-button elementor-size-md jet-more\" target=\"\"><span class=\"btn__text\">Viac info<\/span><\/a><\/div><\/div><\/div>\n<\/div>\n<div class=\"jet-posts__item\">\n\t<div class=\"jet-posts__inner-box\"><div class=\"jet-posts__inner-content\"><h4 class=\"entry-title\"><a href=\"https:\/\/www.edgarbaker.com\/en\/pracovne-ponuky-edgar-baker\/hr-recruiter\/\" target=\"\">HR Recruiter<\/a><\/h4><div class=\"entry-excerpt\">Pre n\u00e1\u0161ho klienta h\u013ead\u00e1me \u0161ikovn\u00e9ho HR recruitera, ktor\u00e9ho pr\u00e1ca nebude spo\u010d\u00edva\u0165 len v HR procesoch (n\u00e1bor, v\u00fdber, odme\u0148ovanie, onboarding,...), ale&hellip;<\/div><div class=\"jet-more-wrap\"><a href=\"https:\/\/www.edgarbaker.com\/en\/pracovne-ponuky-edgar-baker\/hr-recruiter\/\" class=\"btn btn-primary elementor-button elementor-size-md jet-more\" target=\"\"><span class=\"btn__text\">Viac info<\/span><\/a><\/div><\/div><\/div>\n<\/div>\n<div class=\"jet-posts__item\">\n\t<div class=\"jet-posts__inner-box\"><div class=\"jet-posts__inner-content\"><h4 class=\"entry-title\"><a href=\"https:\/\/www.edgarbaker.com\/en\/pracovne-ponuky-edgar-baker\/it-tester\/\" target=\"\">IT Tester<\/a><\/h4><div class=\"entry-excerpt\">Nebav\u00ed \u0165a cestova\u0165 ka\u017ed\u00e9 r\u00e1no do pr\u00e1ce a h\u013ead\u00e1\u0161 pr\u00e1cu, v ktorej by si bol flexibiln\u00fd? Pozn\u00e1\u0161 pojmy UML, SQL,&hellip;<\/div><div class=\"jet-more-wrap\"><a href=\"https:\/\/www.edgarbaker.com\/en\/pracovne-ponuky-edgar-baker\/it-tester\/\" class=\"btn btn-primary elementor-button elementor-size-md jet-more\" target=\"\"><span class=\"btn__text\">Viac info<\/span><\/a><\/div><\/div><\/div>\n<\/div>\n<div class=\"jet-posts__item\">\n\t<div class=\"jet-posts__inner-box\"><div class=\"jet-posts__inner-content\"><h4 class=\"entry-title\"><a href=\"https:\/\/www.edgarbaker.com\/en\/pracovne-ponuky-edgar-baker\/key-account-manager\/\" target=\"\">Key Account Manager<\/a><\/h4><div class=\"entry-excerpt\">Ak Ti nie je cudz\u00ed pojem \"TZB\", vyzn\u00e1\u0161 sa v upev\u0148ovac\u00edch prvkoch a m\u00e1\u0161 v\u00fdborn\u00e9 obchodn\u00e9, komunika\u010dn\u00e9 a prezenta\u010dn\u00e9 schopnosti,&hellip;<\/div><div class=\"jet-more-wrap\"><a href=\"https:\/\/www.edgarbaker.com\/en\/pracovne-ponuky-edgar-baker\/key-account-manager\/\" class=\"btn btn-primary elementor-button elementor-size-md jet-more\" target=\"\"><span class=\"btn__text\">Viac info<\/span><\/a><\/div><\/div><\/div>\n<\/div>\n<div class=\"jet-posts__item\">\n\t<div class=\"jet-posts__inner-box\"><div class=\"jet-posts__inner-content\"><h4 class=\"entry-title\"><a href=\"https:\/\/www.edgarbaker.com\/en\/pracovne-ponuky-edgar-baker\/scm-analytik-pre-obchodnu-jednotku\/\" target=\"\">SCM analytik pre obchodn\u00fa jednotku<\/a><\/h4><div class=\"entry-excerpt\">Pre nadn\u00e1rodn\u00fa spolo\u010dnos\u0165 h\u013ead\u00e1me do t\u00edmu schopn\u00e9ho a \u0161ikovn\u00e9ho supply chain analytika, ktor\u00e9ho hlavnou \u00falphou by bolo monitorovanie a analyzovanie&hellip;<\/div><div class=\"jet-more-wrap\"><a href=\"https:\/\/www.edgarbaker.com\/en\/pracovne-ponuky-edgar-baker\/scm-analytik-pre-obchodnu-jednotku\/\" class=\"btn btn-primary elementor-button elementor-size-md jet-more\" target=\"\"><span class=\"btn__text\">Viac info<\/span><\/a><\/div><\/div><\/div>\n<\/div>\n<div class=\"jet-posts__item\">\n\t<div class=\"jet-posts__inner-box\"><div class=\"jet-posts__inner-content\"><h4 class=\"entry-title\"><a href=\"https:\/\/www.edgarbaker.com\/en\/pracovne-ponuky-edgar-baker\/projektant-stavebnych-komstrukcii\/\" target=\"\">Projektant stavebn\u00fdch kom\u0161trukci\u00ed<\/a><\/h4><div class=\"entry-excerpt\">Si absolvent a chce\u0161 nabra\u0165 relevantn\u00e9 pracovn\u00e9 sk\u00fasenosti? Pr\u00e1ve m\u00e1\u0161 mo\u017enos\u0165 pracova\u0165 v \u00faspe\u0161nej a stabilnej stavebnej spolo\u010dnosti. Sta\u010d\u00ed u\u017e&hellip;<\/div><div class=\"jet-more-wrap\"><a href=\"https:\/\/www.edgarbaker.com\/en\/pracovne-ponuky-edgar-baker\/projektant-stavebnych-komstrukcii\/\" class=\"btn btn-primary elementor-button elementor-size-md jet-more\" target=\"\"><span class=\"btn__text\">Viac info<\/span><\/a><\/div><\/div><\/div>\n<\/div>\n<div class=\"jet-posts__item\">\n\t<div class=\"jet-posts__inner-box\"><div class=\"jet-posts__inner-content\"><h4 class=\"entry-title\"><a href=\"https:\/\/www.edgarbaker.com\/en\/pracovne-ponuky-edgar-baker\/bim-manazer\/\" target=\"\">BIM Mana\u017eer<\/a><\/h4><div class=\"entry-excerpt\">H\u013ead\u00e1me mana\u017e\u00e9ra do stabilnej spolo\u010dnosti s sk\u00fasenos\u0165ami v syst\u00e9me Revit.<\/div><div class=\"jet-more-wrap\"><a href=\"https:\/\/www.edgarbaker.com\/en\/pracovne-ponuky-edgar-baker\/bim-manazer\/\" class=\"btn btn-primary elementor-button elementor-size-md jet-more\" target=\"\"><span class=\"btn__text\">Viac info<\/span><\/a><\/div><\/div><\/div>\n<\/div>\n<\/div>\n<\/div>\t\t<\/div>\n\t\t\t\t<\/div>\n\t\t\t\t\t<\/div>\n\t\t\t\t<\/div>\n\t\t\t\t<\/div>\n\t\t","protected":false},"excerpt":{"rendered":"<p>Are you seeking new career opportunities? Look no further! We have a wide range of job openings across various industries. Our staffing agency will help kickstart your career and find a job that fulfills you. Join the thousands of successful candidates who have already found their place in the job market. Begin your journey to [&hellip;]<\/p>\n","protected":false},"author":1,"featured_media":0,"parent":0,"menu_order":0,"comment_status":"closed","ping_status":"closed","template":"","meta":{"om_disable_all_campaigns":false,"footnotes":""},"_links":{"self":[{"href":"https:\/\/www.edgarbaker.com\/en\/wp-json\/wp\/v2\/pages\/12638"}],"collection":[{"href":"https:\/\/www.edgarbaker.com\/en\/wp-json\/wp\/v2\/pages"}],"about":[{"href":"https:\/\/www.edgarbaker.com\/en\/wp-json\/wp\/v2\/types\/page"}],"author":[{"embeddable":true,"href":"https:\/\/www.edgarbaker.com\/en\/wp-json\/wp\/v2\/users\/1"}],"replies":[{"embeddable":true,"href":"https:\/\/www.edgarbaker.com\/en\/wp-json\/wp\/v2\/comments?post=12638"}],"version-history":[{"count":3,"href":"https:\/\/www.edgarbaker.com\/en\/wp-json\/wp\/v2\/pages\/12638\/revisions"}],"predecessor-version":[{"id":14797,"href":"https:\/\/www.edgarbaker.com\/en\/wp-json\/wp\/v2\/pages\/12638\/revisions\/14797"}],"wp:attachment":[{"href":"https:\/\/www.edgarbaker.com\/en\/wp-json\/wp\/v2\/media?parent=12638"}],"curies":[{"name":"wp","href":"https:\/\/api.w.org\/{rel}","templated":true}]}}