{"id":13208,"date":"2021-10-08T13:39:58","date_gmt":"2021-10-08T11:39:58","guid":{"rendered":"https:\/\/www.edgarbaker.com\/home\/"},"modified":"2024-09-25T11:26:53","modified_gmt":"2024-09-25T09:26:53","slug":"home","status":"publish","type":"page","link":"https:\/\/www.edgarbaker.com\/de\/","title":{"rendered":"Home"},"content":{"rendered":"\t\t<div data-elementor-type=\"wp-page\" data-elementor-id=\"13208\" class=\"elementor elementor-13208 elementor-2341\" data-elementor-post-type=\"page\">\n\t\t\t\t<div class=\"elementor-element elementor-element-cb3e7d0 e-flex e-con-boxed e-con e-parent\" data-id=\"cb3e7d0\" data-element_type=\"container\" data-settings=\"{&quot;jet_parallax_layout_list&quot;:[]}\">\n\t\t\t\t\t<div class=\"e-con-inner\">\n\t\t\t\t<div class=\"elementor-element elementor-element-fdb38b4 elementor-widget elementor-widget-image\" data-id=\"fdb38b4\" data-element_type=\"widget\" data-settings=\"{&quot;motion_fx_motion_fx_mouse&quot;:&quot;yes&quot;}\" data-widget_type=\"image.default\">\n\t\t\t\t<div class=\"elementor-widget-container\">\n\t\t\t<style>\/*! elementor - v3.23.0 - 15-07-2024 *\/\n.elementor-widget-image{text-align:center}.elementor-widget-image a{display:inline-block}.elementor-widget-image a img[src$=\".svg\"]{width:48px}.elementor-widget-image img{vertical-align:middle;display:inline-block}<\/style>\t\t\t\t\t\t\t\t\t\t\t<a href=\"http:\/\/edgarbaker.com\">\n\t\t\t\t\t\t\t<img decoding=\"async\" src=\"https:\/\/www.edgarbaker.com\/wp-content\/uploads\/elementor\/thumbs\/edgar-logo-qo8tjn5sjqkc18xpnsbphqor10x17h1wsjl8z429cs.png\" title=\"edgar logo\" alt=\"edgar logo\" loading=\"lazy\" \/>\t\t\t\t\t\t\t\t<\/a>\n\t\t\t\t\t\t\t\t\t\t\t\t\t<\/div>\n\t\t\t\t<\/div>\n\t\t\t\t\t<\/div>\n\t\t\t\t<\/div>\n\t\t\t\t<section class=\"elementor-section elementor-top-section elementor-element elementor-element-c5968fb elementor-section-full_width elementor-section-height-default elementor-section-height-default qodef-elementor-content-no\" data-id=\"c5968fb\" data-element_type=\"section\" data-settings=\"{&quot;background_background&quot;:&quot;classic&quot;,&quot;jet_parallax_layout_list&quot;:[]}\">\n\t\t\t\t\t\t<div class=\"elementor-container elementor-column-gap-default\">\n\t\t\t\t\t<div class=\"elementor-column elementor-col-50 elementor-top-column elementor-element elementor-element-05d353a\" data-id=\"05d353a\" data-element_type=\"column\" data-settings=\"{&quot;background_background&quot;:&quot;classic&quot;}\">\n\t\t\t<div class=\"elementor-widget-wrap elementor-element-populated\">\n\t\t\t\t\t\t<div class=\"elementor-element elementor-element-30d3bae elementor-widget elementor-widget-halstein_core_banner\" data-id=\"30d3bae\" data-element_type=\"widget\" data-widget_type=\"halstein_core_banner.default\">\n\t\t\t\t<div class=\"elementor-widget-container\">\n\t\t\t<div class=\"qodef-shortcode qodef-m  qodef-banner qodef-layout--link-overlay  qodef-image-responsive-position--center  qodef-text-field-break--disabled \">\n\t<div class=\"qodef-m-image\">\n\t<img fetchpriority=\"high\" decoding=\"async\" width=\"1300\" height=\"1077\" src=\"https:\/\/www.edgarbaker.com\/wp-content\/uploads\/2021\/10\/h5-img-04.jpg\" class=\"attachment-full size-full\" alt=\"L\" srcset=\"https:\/\/www.edgarbaker.com\/wp-content\/uploads\/2021\/10\/h5-img-04.jpg 1300w, https:\/\/www.edgarbaker.com\/wp-content\/uploads\/2021\/10\/h5-img-04-300x249.jpg 300w, https:\/\/www.edgarbaker.com\/wp-content\/uploads\/2021\/10\/h5-img-04-1024x848.jpg 1024w, https:\/\/www.edgarbaker.com\/wp-content\/uploads\/2021\/10\/h5-img-04-768x636.jpg 768w\" sizes=\"(max-width: 1300px) 100vw, 1300px\" \/><\/div>\n\t<div class=\"qodef-m-content\">\n\t\t<div class=\"qodef-m-content-inner\" style=\"background-color: #000000B5\">\n\t\t\t<div class=\"qodef-m-content-inner-top\">\n\t\t\t\t\t\t\t\t\t<h4 class=\"qodef-m-title\" style=\"color: #FFFFFF\">\n\t\tSuchen Sie nach neuen Karrierem\u00f6glichkeiten? Hier finden Sie eine breite Palette von Stellenangeboten in verschiedenen Branchen.\t<\/h4>\n\t\t\t\t\t<p class=\"qodef-m-text-field\" style=\"color: #FFFFFF\">\n\t\tUnsere Personalagentur hilft Ihnen bei Ihrem Berufseinstieg und bei der Suche nach einem\nArbeitsplatz,\neine erf\u00fcllende Karriere. Schlie\u00dfen Sie sich den Tausenden von erfolgreichen Bewerbern an, die\nbereits ihren Platz auf dem Arbeitsmarkt gefunden haben. Beginnen Sie noch heute Ihren Weg zum\nErfolg mit Edgar Baker!\t<\/p>\n\t\t\t<\/div>\n\t\t\t<div class=\"qodef-m-content-inner-bottom\">\n\t\t\t\t\t<h4 class=\"qodef-m-tagline\" style=\"color: #FFFFFF\">\n\t\tF\u00dcR KANDIDATEN\t<\/h4>\n\t\t\t\t<div class=\"qodef-m-arrow\" style=\"color: #FFFFFF\">\n\t<svg class=\"qodef-svg--banner-arrow\" xmlns=\"http:\/\/www.w3.org\/2000\/svg\"\n     xmlns:xlink=\"http:\/\/www.w3.org\/1999\/xlink\" x=\"0px\" y=\"0px\" width=\"35px\" height=\"53px\"\n     viewBox=\"0 0 35 53\" style=\"enable-background:new 0 0 35 53;\" xml:space=\"preserve\"><polyline points=\"15.4,10.9 30.7,26.4 15.4,42.2 \"\/><line x1=\"0.5\" y1=\"0\" x2=\"0.5\" y2=\"53\"\/><\/svg><\/div>\n\t\t\t<\/div>\n\t\t<\/div>\n\t<\/div>\n\t<a itemprop=\"url\" href=\"https:\/\/www.edgarbaker.com\/de\/arbeitsmoeglichkeiten\/\" class=\"qodef-m-banner-link\" target=\"_self\"><\/a>\n\n<\/div>\n\t\t<\/div>\n\t\t\t\t<\/div>\n\t\t\t\t\t<\/div>\n\t\t<\/div>\n\t\t\t\t<div class=\"elementor-column elementor-col-50 elementor-top-column elementor-element elementor-element-48a3b7d\" data-id=\"48a3b7d\" data-element_type=\"column\" data-settings=\"{&quot;background_background&quot;:&quot;classic&quot;}\">\n\t\t\t<div class=\"elementor-widget-wrap elementor-element-populated\">\n\t\t\t\t\t\t<div class=\"elementor-element elementor-element-320a527 elementor-widget elementor-widget-halstein_core_banner\" data-id=\"320a527\" data-element_type=\"widget\" data-widget_type=\"halstein_core_banner.default\">\n\t\t\t\t<div class=\"elementor-widget-container\">\n\t\t\t<div class=\"qodef-shortcode qodef-m  qodef-banner qodef-layout--link-overlay  qodef-image-responsive-position--center  qodef-text-field-break--disabled \">\n\t<div class=\"qodef-m-image\">\n\t<img decoding=\"async\" width=\"1300\" height=\"1077\" src=\"https:\/\/www.edgarbaker.com\/wp-content\/uploads\/2024\/05\/B2BBBh5-img-04.png\" class=\"attachment-full size-full\" alt=\"\" srcset=\"https:\/\/www.edgarbaker.com\/wp-content\/uploads\/2024\/05\/B2BBBh5-img-04.png 1300w, https:\/\/www.edgarbaker.com\/wp-content\/uploads\/2024\/05\/B2BBBh5-img-04-300x249.png 300w, https:\/\/www.edgarbaker.com\/wp-content\/uploads\/2024\/05\/B2BBBh5-img-04-1024x848.png 1024w, https:\/\/www.edgarbaker.com\/wp-content\/uploads\/2024\/05\/B2BBBh5-img-04-768x636.png 768w\" sizes=\"(max-width: 1300px) 100vw, 1300px\" \/><\/div>\n\t<div class=\"qodef-m-content\">\n\t\t<div class=\"qodef-m-content-inner\" style=\"background-color: #B29063E6\">\n\t\t\t<div class=\"qodef-m-content-inner-top\">\n\t\t\t\t\t\t\t\t\t<h4 class=\"qodef-m-title\" style=\"color: #FFFFFF\">\n\t\tUnsere spezialisierten Dienstleistungen umfassen Personalbeschaffung, Executive Search, Expertenrekrutierung und Projektrekrutierung, zugeschnitten auf Ihre Anforderungen.\t<\/h4>\n\t\t\t\t\t<p class=\"qodef-m-text-field\" style=\"color: #FFFFFF\">\n\t\tWir bieten auch Zeitarbeit, Outsourcing-Dienstleistungen, die zur Optimierung Ihrer\nund International Recruitment f\u00fcr die Rekrutierung von Spezialisten aus dem Ausland. Wir sind Ihr\nzuverl\u00e4ssiger HR-Partner, der Ihr Wachstum und Ihren Erfolg auf dem Markt unterst\u00fctzt.\t<\/p>\n\t\t\t<\/div>\n\t\t\t<div class=\"qodef-m-content-inner-bottom\">\n\t\t\t\t\t<h4 class=\"qodef-m-tagline\" style=\"color: #FFFFFF\">\n\t\tF\u00dcR UNTERNEHMEN\t<\/h4>\n\t\t\t\t<div class=\"qodef-m-arrow\" style=\"color: #FFFFFF\">\n\t<svg class=\"qodef-svg--banner-arrow\" xmlns=\"http:\/\/www.w3.org\/2000\/svg\"\n     xmlns:xlink=\"http:\/\/www.w3.org\/1999\/xlink\" x=\"0px\" y=\"0px\" width=\"35px\" height=\"53px\"\n     viewBox=\"0 0 35 53\" style=\"enable-background:new 0 0 35 53;\" xml:space=\"preserve\"><polyline points=\"15.4,10.9 30.7,26.4 15.4,42.2 \"\/><line x1=\"0.5\" y1=\"0\" x2=\"0.5\" y2=\"53\"\/><\/svg><\/div>\n\t\t\t<\/div>\n\t\t<\/div>\n\t<\/div>\n\t<a itemprop=\"url\" href=\"\/de\/main-home\/\" class=\"qodef-m-banner-link\" target=\"_self\"><\/a>\n\n<\/div>\n\t\t<\/div>\n\t\t\t\t<\/div>\n\t\t\t\t\t<\/div>\n\t\t<\/div>\n\t\t\t\t\t<\/div>\n\t\t<\/section>\n\t\t<div class=\"elementor-element elementor-element-32762ef e-flex e-con-boxed e-con e-parent\" data-id=\"32762ef\" data-element_type=\"container\" data-settings=\"{&quot;jet_parallax_layout_list&quot;:[]}\">\n\t\t\t\t\t<div class=\"e-con-inner\">\n\t\t\t\t<div class=\"elementor-element elementor-element-b1112ca elementor-widget__width-initial elementor-widget elementor-widget-halstein_core_section_title\" data-id=\"b1112ca\" data-element_type=\"widget\" data-widget_type=\"halstein_core_section_title.default\">\n\t\t\t\t<div class=\"elementor-widget-container\">\n\t\t\t<div class=\"qodef-shortcode qodef-m  qodef-section-title qodef-alignment--center  \">\n\t\t<h6 class=\"qodef-m-tagline\" style=\"margin-bottom: 13px\">\n\t\tEdgar baker\t<\/h6>\n\t\t<h2 class=\"qodef-m-title\" style=\"color: #FFFFFF\">\n\t\t\t\t\tLernen Sie uns n\u00e4her<br> kennen\t\t\t<\/h2>\n\t\t\t<\/div>\n\t\t<\/div>\n\t\t\t\t<\/div>\n\t\t\t\t\t<\/div>\n\t\t\t\t<\/div>\n\t\t<div class=\"elementor-element elementor-element-cc0fead e-flex e-con-boxed e-con e-parent\" data-id=\"cc0fead\" data-element_type=\"container\" data-settings=\"{&quot;jet_parallax_layout_list&quot;:[]}\">\n\t\t\t\t\t<div class=\"e-con-inner\">\n\t\t\t\t<div class=\"elementor-element elementor-element-6676806 elementor-widget elementor-widget-halstein_core_team_list\" data-id=\"6676806\" data-element_type=\"widget\" data-widget_type=\"halstein_core_team_list.default\">\n\t\t\t\t<div class=\"elementor-widget-container\">\n\t\t\t<div class=\"qodef-shortcode qodef-m  qodef-team-list qodef-item-layout--info-on-hover  qodef-grid qodef-layout--columns  qodef-gutter--normal qodef-col-num--2 qodef-navigation-position--left qodef-navigation-skin--light qodef-item-layout--info-on-hover qodef--no-bottom-space qodef-pagination--off qodef-responsive--predefined qodef-content-initial-state--show\" data-options=\"{&quot;plugin&quot;:&quot;halstein_core&quot;,&quot;module&quot;:&quot;post-types\\\/team\\\/shortcodes&quot;,&quot;shortcode&quot;:&quot;team-list&quot;,&quot;post_type&quot;:&quot;team&quot;,&quot;next_page&quot;:&quot;2&quot;,&quot;max_pages_num&quot;:1,&quot;behavior&quot;:&quot;columns&quot;,&quot;images_proportion&quot;:&quot;large&quot;,&quot;columns&quot;:&quot;2&quot;,&quot;columns_responsive&quot;:&quot;predefined&quot;,&quot;space&quot;:&quot;normal&quot;,&quot;slider_navigation_position&quot;:&quot;left&quot;,&quot;slider_navigation_skin&quot;:&quot;light&quot;,&quot;appear_animation&quot;:&quot;no&quot;,&quot;posts_per_page&quot;:&quot;3&quot;,&quot;orderby&quot;:&quot;date&quot;,&quot;order&quot;:&quot;DESC&quot;,&quot;additional_params&quot;:&quot;tax&quot;,&quot;tax&quot;:&quot;team-category&quot;,&quot;tax_slug&quot;:&quot;best&quot;,&quot;layout&quot;:&quot;info-on-hover&quot;,&quot;title_tag&quot;:&quot;h3&quot;,&quot;pagination_type&quot;:&quot;no-pagination&quot;,&quot;info_on_hover_content_initial_state&quot;:&quot;show&quot;,&quot;object_class_name&quot;:&quot;HalsteinCore_Team_List_Shortcode&quot;,&quot;taxonomy_filter&quot;:&quot;team-category&quot;,&quot;additional_query_args&quot;:{&quot;tax_query&quot;:[{&quot;taxonomy&quot;:&quot;team-category&quot;,&quot;field&quot;:&quot;slug&quot;,&quot;terms&quot;:&quot;best&quot;}]},&quot;item_classes&quot;:&quot;qodef-e qodef-grid-item &quot;,&quot;space_value&quot;:15}\">\n\t\t<div class=\"qodef-grid-inner clear\">\n\t\t<div class=\"qodef-e qodef-grid-item  post-4325 team type-team status-publish has-post-thumbnail hentry team-category-best\">\n\t<div class=\"qodef-e-inner\">\n\t\t<div class=\"qodef-e-image\">\n\t\t\t\t<div class=\"qodef-e-media-image\">\n\t\t\t\t\t<img decoding=\"async\" width=\"955\" height=\"1024\" src=\"https:\/\/www.edgarbaker.com\/wp-content\/uploads\/2021\/10\/11-955x1024.jpg\" class=\"attachment-large size-large wp-post-image\" alt=\"\" srcset=\"https:\/\/www.edgarbaker.com\/wp-content\/uploads\/2021\/10\/11-955x1024.jpg 955w, https:\/\/www.edgarbaker.com\/wp-content\/uploads\/2021\/10\/11-280x300.jpg 280w, https:\/\/www.edgarbaker.com\/wp-content\/uploads\/2021\/10\/11-768x824.jpg 768w, https:\/\/www.edgarbaker.com\/wp-content\/uploads\/2021\/10\/11.jpg 1050w\" sizes=\"(max-width: 955px) 100vw, 955px\" \/>\t\t\t<\/div>\n\t\t<\/div>\n\t\t<div class=\"qodef-e-content\">\n\t\t\t<div class=\"qodef-e-content-left\">\n\t\t\t\t<h3 itemprop=\"name\" class=\"qodef-e-title entry-title\" >\n\t\t\tJAKUB FEKIA\u010c\t<\/h3>\n\t\t\t\t\t<p class=\"qodef-e-role\">Managing Partner<\/p>\n\t\t\t<\/div>\n\t\t\t<div class=\"qodef-e-content-right\">\n\t\t\t\t\t<div class=\"qodef-team-member-social-icons\">\n\t\t\t\t\t<\/div>\n\t\t\t<\/div>\n\t\t<\/div>\n\t<\/div>\n<\/div>\n<div class=\"qodef-e qodef-grid-item  post-4322 team type-team status-publish has-post-thumbnail hentry team-category-best\">\n\t<div class=\"qodef-e-inner\">\n\t\t<div class=\"qodef-e-image\">\n\t\t\t\t<div class=\"qodef-e-media-image\">\n\t\t\t\t\t<img loading=\"lazy\" decoding=\"async\" width=\"955\" height=\"1024\" src=\"https:\/\/www.edgarbaker.com\/wp-content\/uploads\/2021\/10\/12-955x1024.jpg\" class=\"attachment-large size-large wp-post-image\" alt=\"\" srcset=\"https:\/\/www.edgarbaker.com\/wp-content\/uploads\/2021\/10\/12-955x1024.jpg 955w, https:\/\/www.edgarbaker.com\/wp-content\/uploads\/2021\/10\/12-280x300.jpg 280w, https:\/\/www.edgarbaker.com\/wp-content\/uploads\/2021\/10\/12-768x824.jpg 768w, https:\/\/www.edgarbaker.com\/wp-content\/uploads\/2021\/10\/12.jpg 1050w\" sizes=\"(max-width: 955px) 100vw, 955px\" \/>\t\t\t<\/div>\n\t\t<\/div>\n\t\t<div class=\"qodef-e-content\">\n\t\t\t<div class=\"qodef-e-content-left\">\n\t\t\t\t<h3 itemprop=\"name\" class=\"qodef-e-title entry-title\" >\n\t\t\tJANA \u0160RAM\u010c\u00cdKOV\u00c1\t<\/h3>\n\t\t\t\t\t<p class=\"qodef-e-role\">Associate Partner<\/p>\n\t\t\t<\/div>\n\t\t\t<div class=\"qodef-e-content-right\">\n\t\t\t\t\t\t\t<\/div>\n\t\t<\/div>\n\t<\/div>\n<\/div>\n\t<\/div>\n\t<\/div>\n\t\t<\/div>\n\t\t\t\t<\/div>\n\t\t\t\t\t<\/div>\n\t\t\t\t<\/div>\n\t\t<div class=\"elementor-element elementor-element-a9e1b3a e-flex e-con-boxed e-con e-parent\" data-id=\"a9e1b3a\" data-element_type=\"container\" data-settings=\"{&quot;jet_parallax_layout_list&quot;:[]}\">\n\t\t\t\t\t<div class=\"e-con-inner\">\n\t\t\t\t<div class=\"elementor-element elementor-element-88acfbc elementor-widget__width-initial elementor-widget elementor-widget-halstein_core_section_title\" data-id=\"88acfbc\" data-element_type=\"widget\" data-widget_type=\"halstein_core_section_title.default\">\n\t\t\t\t<div class=\"elementor-widget-container\">\n\t\t\t<div class=\"qodef-shortcode qodef-m  qodef-section-title qodef-alignment--center  \">\n\t\t<h6 class=\"qodef-m-tagline\" style=\"margin-bottom: 13px\">\n\t\tinfo@edgarbaker.com\t<\/h6>\n\t\t<h3 class=\"qodef-m-title\" style=\"color: #FFFFFF\">\n\t\t\t\t\t+421 905 321 596<br>\t\t\t<\/h3>\n\t\t\t<\/div>\n\t\t<\/div>\n\t\t\t\t<\/div>\n\t\t\t\t\t<\/div>\n\t\t\t\t<\/div>\n\t\t<div class=\"elementor-element elementor-element-43fd3da elementor-hidden-desktop elementor-hidden-tablet elementor-hidden-mobile e-flex e-con-boxed e-con e-parent\" data-id=\"43fd3da\" data-element_type=\"container\" data-settings=\"{&quot;jet_parallax_layout_list&quot;:[]}\">\n\t\t\t\t\t<div class=\"e-con-inner\">\n\t\t\t\t<div class=\"elementor-element elementor-element-3abbb11 elementor-widget elementor-widget-text-editor\" data-id=\"3abbb11\" data-element_type=\"widget\" data-widget_type=\"text-editor.default\">\n\t\t\t\t<div class=\"elementor-widget-container\">\n\t\t\t<style>\/*! elementor - v3.23.0 - 15-07-2024 *\/\n.elementor-widget-text-editor.elementor-drop-cap-view-stacked .elementor-drop-cap{background-color:#69727d;color:#fff}.elementor-widget-text-editor.elementor-drop-cap-view-framed .elementor-drop-cap{color:#69727d;border:3px solid;background-color:transparent}.elementor-widget-text-editor:not(.elementor-drop-cap-view-default) .elementor-drop-cap{margin-top:8px}.elementor-widget-text-editor:not(.elementor-drop-cap-view-default) .elementor-drop-cap-letter{width:1em;height:1em}.elementor-widget-text-editor .elementor-drop-cap{float:left;text-align:center;line-height:1;font-size:50px}.elementor-widget-text-editor .elementor-drop-cap-letter{display:inline-block}<\/style>\t\t\t\t<p>#HR #recruitment #job #praca #humanresources #humanresourcesservices #HRconsulting<br \/>#career #executivesearch #expertrecruitment #projectrecruitment #temporarystaffing<br \/>#outsourcing #internationalrecruitment #volnepozicie #personalnaagentura #trhprace#HR #recruitment #job #praca #humanresources #humanresourcesservices #HRconsulting<br \/>#career #executivesearch #expertrecruitment #projectrecruitment #temporarystaffing<br \/>#outsourcing #internationalrecruitment #volnepozicie #personalnaagentura #trhprace<\/p>\n\t\t\t\t\t\t<\/div>\n\t\t\t\t<\/div>\n\t\t\t\t\t<\/div>\n\t\t\t\t<\/div>\n\t\t\t\t<\/div>\n\t\t","protected":false},"excerpt":{"rendered":"<p>Suchen Sie nach neuen Karrierem\u00f6glichkeiten? Hier finden Sie eine breite Palette von Stellenangeboten in verschiedenen Branchen. Unsere Personalagentur hilft Ihnen bei Ihrem Berufseinstieg und bei der Suche nach einem Arbeitsplatz, eine erf\u00fcllende Karriere. Schlie\u00dfen Sie sich den Tausenden von erfolgreichen Bewerbern an, die bereits ihren Platz auf dem Arbeitsmarkt gefunden haben. Beginnen Sie noch heute [&hellip;]<\/p>\n","protected":false},"author":1,"featured_media":0,"parent":0,"menu_order":0,"comment_status":"closed","ping_status":"closed","template":"elementor_canvas","meta":{"om_disable_all_campaigns":false,"footnotes":""},"_links":{"self":[{"href":"https:\/\/www.edgarbaker.com\/de\/wp-json\/wp\/v2\/pages\/13208"}],"collection":[{"href":"https:\/\/www.edgarbaker.com\/de\/wp-json\/wp\/v2\/pages"}],"about":[{"href":"https:\/\/www.edgarbaker.com\/de\/wp-json\/wp\/v2\/types\/page"}],"author":[{"embeddable":true,"href":"https:\/\/www.edgarbaker.com\/de\/wp-json\/wp\/v2\/users\/1"}],"replies":[{"embeddable":true,"href":"https:\/\/www.edgarbaker.com\/de\/wp-json\/wp\/v2\/comments?post=13208"}],"version-history":[{"count":3,"href":"https:\/\/www.edgarbaker.com\/de\/wp-json\/wp\/v2\/pages\/13208\/revisions"}],"predecessor-version":[{"id":14887,"href":"https:\/\/www.edgarbaker.com\/de\/wp-json\/wp\/v2\/pages\/13208\/revisions\/14887"}],"wp:attachment":[{"href":"https:\/\/www.edgarbaker.com\/de\/wp-json\/wp\/v2\/media?parent=13208"}],"curies":[{"name":"wp","href":"https:\/\/api.w.org\/{rel}","templated":true}]}}